    {"id":8,"date":"2025-11-29T14:31:14","date_gmt":"2025-11-29T14:31:14","guid":{"rendered":"https:\/\/risevian.com\/?page_id=8"},"modified":"2025-12-25T20:46:14","modified_gmt":"2025-12-25T20:46:14","slug":"privacy-policy","status":"publish","type":"page","link":"https:\/\/risevian.com\/pt\/privacy-policy\/","title":{"rendered":"pol\u00edtica de Privacidade"},"content":{"rendered":"<p><\/p>\n\n\n\n<p><\/p>\n\n\n\n<p>Sua privacidade \u00e9 importante para n\u00f3s. <strong>Risevian&#039;s<\/strong> Nossa pol\u00edtica \u00e9 respeitar sua privacidade em rela\u00e7\u00e3o a qualquer informa\u00e7\u00e3o que possamos coletar de voc\u00ea em nosso site. <strong>Risevian<\/strong>e outros sites que possu\u00edmos e operamos.<\/p>\n\n\n\n<p>S\u00f3 solicitamos informa\u00e7\u00f5es pessoais quando realmente precisamos delas para lhe prestar um servi\u00e7o. Recolhemos essas informa\u00e7\u00f5es de forma justa e legal, com o seu conhecimento e consentimento. Tamb\u00e9m garantimos que voc\u00ea compreenda o motivo da recolha e como as informa\u00e7\u00f5es ser\u00e3o utilizadas.<\/p>\n\n\n\n<p>Conservamos as informa\u00e7\u00f5es coletadas apenas pelo tempo necess\u00e1rio para fornecer o servi\u00e7o solicitado. Todos os dados armazenados s\u00e3o protegidos por m\u00e9todos comercialmente aceit\u00e1veis para evitar perda, roubo, acesso n\u00e3o autorizado, divulga\u00e7\u00e3o, c\u00f3pia, uso ou modifica\u00e7\u00e3o.<\/p>\n\n\n\n<p>N\u00e3o compartilhamos informa\u00e7\u00f5es de identifica\u00e7\u00e3o pessoal publicamente ou com terceiros, exceto quando exigido por lei.<\/p>\n\n\n\n<p>Nosso site pode conter links para sites externos que n\u00e3o s\u00e3o operados por n\u00f3s. Observe que n\u00e3o temos controle sobre o conte\u00fado, as pol\u00edticas ou as pr\u00e1ticas desses sites externos e n\u00e3o podemos aceitar responsabilidade por suas respectivas prote\u00e7\u00f5es de privacidade.<\/p>\n\n\n\n<p>Voc\u00ea tem a liberdade de recusar nossa solicita\u00e7\u00e3o de informa\u00e7\u00f5es pessoais, ciente de que, nesse caso, talvez n\u00e3o possamos fornecer alguns dos servi\u00e7os desejados.<\/p>\n\n\n\n<p>Ao continuar a utilizar o nosso website, estar\u00e1 a aceitar as nossas pr\u00e1ticas relacionadas com a privacidade e os dados pessoais. Se tiver alguma d\u00favida sobre como tratamos as informa\u00e7\u00f5es dos utilizadores, n\u00e3o hesite em contactar-nos a qualquer momento.<\/p>\n\n\n\n<hr class=\"wp-block-separator has-alpha-channel-opacity\" \/>\n\n\n\n<h1 class=\"wp-block-heading\"><strong>Pol\u00edtica de Cookies da Risevian<\/strong><\/h1>\n\n\n\n<p>Esta \u00e9 a Pol\u00edtica de Cookies para <strong>Risevian<\/strong>, acess\u00edvel atrav\u00e9s do endere\u00e7o URL do nosso site oficial.<\/p>\n\n\n\n<h2 class=\"wp-block-heading\"><strong>O que s\u00e3o cookies?<\/strong><\/h2>\n\n\n\n<p>Como \u00e9 pr\u00e1tica comum em quase todos os sites profissionais, este site utiliza cookies \u2014 pequenos arquivos de texto baixados para o seu dispositivo \u2014 para melhorar a sua experi\u00eancia de navega\u00e7\u00e3o. Esta p\u00e1gina explica quais informa\u00e7\u00f5es esses cookies coletam, como as utilizamos e por que \u00e0s vezes precisamos armazen\u00e1-las. Tamb\u00e9m explicaremos como voc\u00ea pode impedir que esses cookies sejam armazenados, embora desativ\u00e1-los possa afetar certas funcionalidades do site.<\/p>\n\n\n\n<hr class=\"wp-block-separator has-alpha-channel-opacity\" \/>\n\n\n\n<h1 class=\"wp-block-heading\"><strong>Como usamos cookies<\/strong><\/h1>\n\n\n\n<p>Utilizamos cookies por diversos motivos, detalhados abaixo. Infelizmente, na maioria dos casos, n\u00e3o existem op\u00e7\u00f5es padr\u00e3o do setor para desativar os cookies sem desativar completamente os recursos que eles adicionam ao site. Recomenda-se que voc\u00ea mantenha todos os cookies ativados, a menos que tenha certeza de que n\u00e3o precisa deles.<\/p>\n\n\n\n<hr class=\"wp-block-separator has-alpha-channel-opacity\" \/>\n\n\n\n<h1 class=\"wp-block-heading\"><strong>Desativar cookies<\/strong><\/h1>\n\n\n\n<p>Voc\u00ea pode impedir a configura\u00e7\u00e3o de cookies ajustando as configura\u00e7\u00f5es do seu navegador (consulte o menu Ajuda do seu navegador para obter instru\u00e7\u00f5es). No entanto, esteja ciente de que desativar os cookies pode afetar a funcionalidade deste e de outros sites que voc\u00ea visita. Desativar os cookies geralmente resulta na perda de certos recursos ou em mau funcionamento. Portanto, recomenda-se que voc\u00ea n\u00e3o desative os cookies.<\/p>\n\n\n\n<hr class=\"wp-block-separator has-alpha-channel-opacity\" \/>\n\n\n\n<h1 class=\"wp-block-heading\"><strong>Os Cookies que Definimos<\/strong><\/h1>\n\n\n\n<h3 class=\"wp-block-heading\"><strong>Cookies relacionados \u00e0 conta<\/strong><\/h3>\n\n\n\n<p>Ao criar uma conta conosco, utilizamos cookies para gerenciar o processo de cadastro e a administra\u00e7\u00e3o geral. Esses cookies geralmente s\u00e3o exclu\u00eddos quando voc\u00ea faz logout; no entanto, em alguns casos, eles podem permanecer para lembrar suas prefer\u00eancias mesmo ap\u00f3s o logout.<\/p>\n\n\n\n<h3 class=\"wp-block-heading\"><strong>Cookies relacionados ao login<\/strong><\/h3>\n\n\n\n<p>Usamos cookies quando voc\u00ea est\u00e1 conectado para que possamos lembrar disso. Isso evita que voc\u00ea precise fazer login cada vez que visita uma nova p\u00e1gina. Esses cookies s\u00e3o apagados quando voc\u00ea faz logout para garantir que os recursos restritos estejam acess\u00edveis somente enquanto voc\u00ea estiver conectado.<\/p>\n\n\n\n<h3 class=\"wp-block-heading\"><strong>Newsletter por e-mail Cookies<\/strong><\/h3>\n\n\n\n<p>Este site oferece servi\u00e7os de assinatura de newsletter ou e-mail. Cookies podem ser usados para lembrar se voc\u00ea j\u00e1 est\u00e1 cadastrado e para exibir determinadas notifica\u00e7\u00f5es relevantes apenas para usu\u00e1rios inscritos ou n\u00e3o inscritos.<\/p>\n\n\n\n<h3 class=\"wp-block-heading\"><strong>Cookies de processamento de pedidos<\/strong><\/h3>\n\n\n\n<p>Se este site oferece funcionalidades de com\u00e9rcio eletr\u00f4nico ou de pagamento, os cookies s\u00e3o essenciais para garantir que seu pedido seja lembrado entre as p\u00e1ginas, permitindo-nos process\u00e1-lo corretamente.<\/p>\n\n\n\n<h3 class=\"wp-block-heading\"><strong>Cookies de pesquisa<\/strong><\/h3>\n\n\n\n<p>De tempos em tempos, oferecemos pesquisas ou question\u00e1rios aos usu\u00e1rios para fornecer informa\u00e7\u00f5es, ferramentas ou coletar feedback \u00fatil. Cookies podem ser usados para lembrar quem j\u00e1 participou ou para salvar suas respostas durante a navega\u00e7\u00e3o.<\/p>\n\n\n\n<h3 class=\"wp-block-heading\"><strong>Cookies relacionados a formul\u00e1rios<\/strong><\/h3>\n\n\n\n<p>Ao enviar informa\u00e7\u00f5es por meio de formul\u00e1rios \u2014 como p\u00e1ginas de contato ou formul\u00e1rios de coment\u00e1rios \u2014 cookies podem ser definidos para lembrar seus dados de usu\u00e1rio para correspond\u00eancias futuras.<\/p>\n\n\n\n<h3 class=\"wp-block-heading\"><strong>Cookies de prefer\u00eancias do site<\/strong><\/h3>\n\n\n\n<p>Para lhe proporcionar uma experi\u00eancia personalizada, permitimos que defina as suas prefer\u00eancias de funcionamento do site. Os cookies ajudam a memorizar estas defini\u00e7\u00f5es para que possam ser aplicadas sempre que interagir com conte\u00fado afetado pelas suas prefer\u00eancias.<\/p>\n\n\n\n<h2 class=\"wp-block-heading\"><strong>Cookies de terceiros<\/strong><\/h2>\n\n\n\n<p>Em alguns casos espec\u00edficos, tamb\u00e9m utilizamos cookies fornecidos por terceiros confi\u00e1veis. A se\u00e7\u00e3o abaixo descreve quais cookies de terceiros voc\u00ea poder\u00e1 encontrar ao navegar em nosso site.<\/p>\n\n\n\n<h3 class=\"wp-block-heading\"><strong>Google Analytics<\/strong><\/h3>\n\n\n\n<p>Este site usa <strong>Google Analytics<\/strong>, uma das ferramentas de an\u00e1lise mais confi\u00e1veis da internet. Esses cookies nos ajudam a entender como os visitantes usam o site e como podemos melhorar sua experi\u00eancia. Os cookies podem rastrear elementos como tempo gasto no site, p\u00e1ginas visitadas, padr\u00f5es de navega\u00e7\u00e3o e muito mais.<\/p>\n\n\n\n<p>Para obter mais detalhes, consulte a documenta\u00e7\u00e3o oficial do Google Analytics.<\/p>\n\n\n\n<h3 class=\"wp-block-heading\"><strong>An\u00e1lises de terceiros<\/strong><\/h3>\n\n\n\n<p>Podemos utilizar ferramentas adicionais de an\u00e1lise de terceiros para rastrear e medir o uso deste site, permitindo-nos continuar produzindo conte\u00fado de qualidade e aprimorando a experi\u00eancia do usu\u00e1rio.<\/p>\n\n\n\n<h3 class=\"wp-block-heading\"><strong>Cookies de teste de funcionalidades<\/strong><\/h3>\n\n\n\n<p>Ocasionalmente, testamos novos recursos e fazemos pequenas altera\u00e7\u00f5es na forma como o site \u00e9 apresentado. Cookies podem ser usados durante os testes para garantir uma experi\u00eancia consistente e tamb\u00e9m para nos ajudar a entender quais otimiza\u00e7\u00f5es os usu\u00e1rios mais apreciam.<\/p>\n\n\n\n<h3 class=\"wp-block-heading\"><strong>Cookies de rastreamento de com\u00e9rcio eletr\u00f4nico<\/strong><\/h3>\n\n\n\n<p>Se vendemos produtos ou servi\u00e7os, os cookies nos ajudam a entender os padr\u00f5es de compra. Esses dados nos permitem analisar o desempenho, a publicidade e o desenvolvimento de produtos.<\/p>\n\n\n\n<h3 class=\"wp-block-heading\"><strong>Cookies de m\u00eddia social<\/strong><\/h3>\n\n\n\n<p>Podemos incluir bot\u00f5es ou plugins de redes sociais (como Facebook, Instagram, Twitter, Pinterest, etc.) que permitem que voc\u00ea se conecte com suas redes sociais. Essas plataformas podem instalar cookies por meio do nosso site para aprimorar seu perfil ou contribuir com dados para suas pr\u00f3prias an\u00e1lises, de acordo com suas respectivas pol\u00edticas de privacidade.<\/p>\n\n\n\n<hr class=\"wp-block-separator has-alpha-channel-opacity\" \/>\n\n\n\n<h3 class=\"wp-block-heading\"><strong>Publicidade e op\u00e7\u00e3o de desativa\u00e7\u00e3o<\/strong><\/h3>\n\n\n\n<p>Utilizamos o Google AdX e outros parceiros de publicidade para exibir an\u00fancios aos usu\u00e1rios.<\/p>\n\n\n\n<p>O Google e seus parceiros podem usar cookies e tecnologias semelhantes para personalizar an\u00fancios com base nos interesses e no comportamento de navega\u00e7\u00e3o do usu\u00e1rio.<\/p>\n\n\n\n<p>Os usu\u00e1rios podem gerenciar ou desativar a publicidade personalizada visitando as seguintes p\u00e1ginas oficiais do Google: <a href=\"https:\/\/myadcenter.google.com\/home?sasb=true&amp;ref=ad-settings\" target=\"_blank\" rel=\"noreferrer noopener\">Configura\u00e7\u00f5es de an\u00fancios do Google<\/a> e <a href=\"https:\/\/myadcenter.google.com\/home\" target=\"_blank\" rel=\"noreferrer noopener\">Central de an\u00fancios do Google<\/a><\/p>\n\n\n\n<p>Voc\u00ea pode optar por n\u00e3o receber an\u00fancios personalizados a qualquer momento usando essas ferramentas.<\/p>\n\n\n\n<h1 class=\"wp-block-heading\"><strong>Mais informa\u00e7\u00f5es<\/strong><\/h1>\n\n\n\n<p>Esperamos que esta pol\u00edtica tenha esclarecido todas as suas d\u00favidas. Como mencionado anteriormente, se voc\u00ea n\u00e3o tiver certeza se precisa de determinados cookies, geralmente \u00e9 mais seguro deix\u00e1-los ativados para evitar interrup\u00e7\u00f5es nas funcionalidades principais do site.<\/p>\n\n\n\n<p>Esta pol\u00edtica entra em vigor a partir de <strong>Novembro de 2025<\/strong>.<\/p>","protected":false},"excerpt":{"rendered":"<p>Sua privacidade \u00e9 importante para n\u00f3s. \u00c9 pol\u00edtica da Risevian respeitar sua privacidade em rela\u00e7\u00e3o a qualquer informa\u00e7\u00e3o que possamos coletar de voc\u00ea em nosso site, Risevian, e em outros sites que possu\u00edmos e operamos. Solicitamos informa\u00e7\u00f5es pessoais apenas quando realmente precisamos delas para lhe fornecer um servi\u00e7o. Coletamos essas informa\u00e7\u00f5es de forma justa e transparente.<\/p>","protected":false},"author":250,"featured_media":0,"parent":0,"menu_order":0,"comment_status":"closed","ping_status":"closed","template":"","meta":{"footnotes":""},"_links":{"self":[{"href":"https:\/\/risevian.com\/pt\/wp-json\/wp\/v2\/pages\/8"}],"collection":[{"href":"https:\/\/risevian.com\/pt\/wp-json\/wp\/v2\/pages"}],"about":[{"href":"https:\/\/risevian.com\/pt\/wp-json\/wp\/v2\/types\/page"}],"author":[{"embeddable":true,"href":"https:\/\/risevian.com\/pt\/wp-json\/wp\/v2\/users\/250"}],"replies":[{"embeddable":true,"href":"https:\/\/risevian.com\/pt\/wp-json\/wp\/v2\/comments?post=8"}],"version-history":[{"count":5,"href":"https:\/\/risevian.com\/pt\/wp-json\/wp\/v2\/pages\/8\/revisions"}],"predecessor-version":[{"id":542,"href":"https:\/\/risevian.com\/pt\/wp-json\/wp\/v2\/pages\/8\/revisions\/542"}],"wp:attachment":[{"href":"https:\/\/risevian.com\/pt\/wp-json\/wp\/v2\/media?parent=8"}],"curies":[{"name":"wp","href":"https:\/\/api.w.org\/{rel}","templated":true}]}}