    {"id":5,"date":"2025-11-29T14:30:20","date_gmt":"2025-11-29T14:30:20","guid":{"rendered":"https:\/\/risevian.com\/?page_id=5"},"modified":"2025-11-29T14:30:20","modified_gmt":"2025-11-29T14:30:20","slug":"about-us","status":"publish","type":"page","link":"https:\/\/risevian.com\/pt\/about-us\/","title":{"rendered":"Sobre n\u00f3s"},"content":{"rendered":"<p><\/p>\n\n\n\n<p>Bem-vindo(a) ao <strong>Risevian<\/strong>Risevian, seu destino confi\u00e1vel para as \u00faltimas novidades, avan\u00e7os e tend\u00eancias que moldam o mundo digital atual. Nossa miss\u00e3o \u00e9 simples: ser sua principal fonte de informa\u00e7\u00f5es confi\u00e1veis sobre aplicativos, tecnologia, entretenimento e utilidades digitais do dia a dia. Acreditamos no poder do conte\u00fado bem elaborado para informar, inspirar e conectar pessoas. Aqui na Risevian, queremos que voc\u00ea se sinta mais conectado com o mundo em constante mudan\u00e7a ao seu redor \u2014 n\u00e3o apenas entendendo os fatos, mas tamb\u00e9m as ideias e inova\u00e7\u00f5es que transformam a vida moderna.<\/p>\n\n\n\n<h2 class=\"wp-block-heading\"><strong>Nossa Hist\u00f3ria<\/strong><\/h2>\n\n\n\n<p>A Risevian nasceu da paix\u00e3o de um grupo dedicado de criadores com mentalidade tecnol\u00f3gica que acreditam que informa\u00e7\u00f5es de alta qualidade t\u00eam o poder de transformar a maneira como as pessoas aprendem, tomam decis\u00f5es e crescem. Desde o in\u00edcio, nossa miss\u00e3o tem sido construir um espa\u00e7o onde os leitores possam explorar conte\u00fado confi\u00e1vel, bem pesquisado e envolvente. Desde a nossa funda\u00e7\u00e3o, temos nos concentrado continuamente em fornecer artigos relevantes que mantenham nosso p\u00fablico informado e inspirado pelos mais recentes avan\u00e7os em tecnologia e cultura digital.<\/p>\n\n\n\n<h2 class=\"wp-block-heading\"><strong>Nossa equipe<\/strong><\/h2>\n\n\n\n<p>Nossa equipe \u00e9 composta por redatores, analistas e criadores experientes e entusiasmados, especializados em \u00e1reas como aplicativos, tecnologia de consumo, entretenimento digital e ferramentas online pr\u00e1ticas. Cada membro traz uma forma\u00e7\u00e3o e perspectiva \u00fanicas, enriquecendo a diversidade e a profundidade do nosso conte\u00fado. Estamos sempre aprendendo, explorando e aprimorando nossa abordagem para garantir que oferecemos as informa\u00e7\u00f5es mais precisas, relevantes e envolventes do mundo da tecnologia e da inova\u00e7\u00e3o digital.<\/p>\n\n\n\n<h2 class=\"wp-block-heading\"><strong>Junte-se a n\u00f3s<\/strong><\/h2>\n\n\n\n<p>Estamos muito felizes em t\u00ea-lo(a) como parte da comunidade Risevian. Siga-nos nas redes sociais, inscreva-se em nossa newsletter e participe da conversa enquanto exploramos as tend\u00eancias que moldam o futuro. Na Risevian, inova\u00e7\u00e3o \u00e9 mais do que um tema \u2014 \u00e9 uma paix\u00e3o que compartilhamos com orgulho com cada leitor.<\/p>\n\n\n\n<p>Obrigado pela visita. Juntos, vamos explorar novas ideias, descobrir novas possibilidades e nos inspirar a cada passo adiante.<\/p>\n\n\n\n<p><strong>A Equipe Risevian<\/strong><\/p>","protected":false},"excerpt":{"rendered":"<p>Welcome to Risevian, your trusted destination for the latest insights, breakthroughs, and trends shaping today\u2019s digital world. Our mission is simple: to be your leading source of reliable information in apps, technology, entertainment, and everyday digital utilities. We believe in the power of well-crafted content to inform, inspire, and connect people. Here at Risevian, we [&hellip;]<\/p>","protected":false},"author":250,"featured_media":0,"parent":0,"menu_order":0,"comment_status":"closed","ping_status":"closed","template":"","meta":{"footnotes":""},"_links":{"self":[{"href":"https:\/\/risevian.com\/pt\/wp-json\/wp\/v2\/pages\/5"}],"collection":[{"href":"https:\/\/risevian.com\/pt\/wp-json\/wp\/v2\/pages"}],"about":[{"href":"https:\/\/risevian.com\/pt\/wp-json\/wp\/v2\/types\/page"}],"author":[{"embeddable":true,"href":"https:\/\/risevian.com\/pt\/wp-json\/wp\/v2\/users\/250"}],"replies":[{"embeddable":true,"href":"https:\/\/risevian.com\/pt\/wp-json\/wp\/v2\/comments?post=5"}],"version-history":[{"count":1,"href":"https:\/\/risevian.com\/pt\/wp-json\/wp\/v2\/pages\/5\/revisions"}],"predecessor-version":[{"id":7,"href":"https:\/\/risevian.com\/pt\/wp-json\/wp\/v2\/pages\/5\/revisions\/7"}],"wp:attachment":[{"href":"https:\/\/risevian.com\/pt\/wp-json\/wp\/v2\/media?parent=5"}],"curies":[{"name":"wp","href":"https:\/\/api.w.org\/{rel}","templated":true}]}}