    {"id":21,"date":"2025-11-29T14:49:41","date_gmt":"2025-11-29T14:49:41","guid":{"rendered":"https:\/\/risevian.com\/?page_id=21"},"modified":"2026-02-09T18:51:27","modified_gmt":"2026-02-09T18:51:27","slug":"terms-of-service","status":"publish","type":"page","link":"https:\/\/risevian.com\/pt\/terms-of-service\/","title":{"rendered":"Termos de Servi\u00e7o"},"content":{"rendered":"<p><\/p>\n\n\n\n<p>Ao acessar o site em <strong>Risevian<\/strong>Ao acessar este site, voc\u00ea concorda em estar vinculado a estes Termos de Servi\u00e7o, a todas as leis e regulamentos aplic\u00e1veis e concorda que \u00e9 respons\u00e1vel pelo cumprimento de todas as leis relevantes dos EUA. Se voc\u00ea n\u00e3o concordar com algum destes termos, est\u00e1 proibido de usar ou acessar este site. Os materiais contidos neste site s\u00e3o protegidos pelas leis de direitos autorais e marcas registradas aplic\u00e1veis.<\/p>\n\n\n\n<hr class=\"wp-block-separator has-alpha-channel-opacity\" \/>\n\n\n\n<h2 class=\"wp-block-heading\"><strong>2. Licen\u00e7a de Uso<\/strong><\/h2>\n\n\n\n<p>\u00c9 concedida permiss\u00e3o para baixar temporariamente uma c\u00f3pia dos materiais (informa\u00e7\u00f5es ou software) no site da Risevian para visualiza\u00e7\u00e3o pessoal, n\u00e3o comercial e transit\u00f3ria. Isso constitui uma licen\u00e7a, n\u00e3o uma transfer\u00eancia de propriedade, e sob esta licen\u00e7a voc\u00ea n\u00e3o pode:<\/p>\n\n\n\n<ul>\n<li>Modificar ou copiar os materiais;<\/li>\n\n\n\n<li>Utilize os materiais para qualquer fim comercial ou para qualquer exibi\u00e7\u00e3o p\u00fablica (comercial ou n\u00e3o comercial);<\/li>\n\n\n\n<li>Tentativa de descompilar ou realizar engenharia reversa de qualquer software contido no site da Risevian;<\/li>\n\n\n\n<li>Remova quaisquer avisos de direitos autorais ou outras notifica\u00e7\u00f5es de propriedade dos materiais;<\/li>\n\n\n\n<li>Transferir os materiais para outra pessoa ou &quot;espelhar&quot; os materiais em qualquer outro servidor.<\/li>\n<\/ul>\n\n\n\n<p>Esta licen\u00e7a ser\u00e1 automaticamente rescindida se voc\u00ea violar qualquer uma destas restri\u00e7\u00f5es e poder\u00e1 ser rescindida pela Risevian a qualquer momento. Ap\u00f3s a rescis\u00e3o desta licen\u00e7a ou ap\u00f3s concluir a visualiza\u00e7\u00e3o dos materiais, voc\u00ea dever\u00e1 destruir todos os materiais baixados que estiverem em sua posse, seja em formato eletr\u00f4nico ou impresso.<\/p>\n\n\n\n<hr class=\"wp-block-separator has-alpha-channel-opacity\" \/>\n\n\n\n<h2 class=\"wp-block-heading\"><strong>3. Isen\u00e7\u00e3o de responsabilidade<\/strong><\/h2>\n\n\n\n<p>Os materiais no site da Risevian s\u00e3o fornecidos &quot;no estado em que se encontram&quot;. A Risevian n\u00e3o oferece garantias, expressas ou impl\u00edcitas, e, por meio deste, renuncia e nega todas as outras garantias, incluindo, sem limita\u00e7\u00e3o, garantias impl\u00edcitas ou condi\u00e7\u00f5es de comercializa\u00e7\u00e3o, adequa\u00e7\u00e3o a uma finalidade espec\u00edfica e n\u00e3o viola\u00e7\u00e3o de propriedade intelectual ou outros direitos.<\/p>\n\n\n\n<p>Al\u00e9m disso, a Risevian n\u00e3o garante nem faz qualquer declara\u00e7\u00e3o sobre a precis\u00e3o, os resultados prov\u00e1veis ou a confiabilidade do uso dos materiais em seu site ou relacionados a esses materiais ou a quaisquer sites vinculados a este site.<\/p>\n\n\n\n<hr class=\"wp-block-separator has-alpha-channel-opacity\" \/>\n\n\n\n<h2 class=\"wp-block-heading\"><strong>4. Limita\u00e7\u00f5es<\/strong><\/h2>\n\n\n\n<p>Em hip\u00f3tese alguma a Risevian ou seus fornecedores ser\u00e3o respons\u00e1veis por quaisquer danos (incluindo, sem limita\u00e7\u00e3o, danos por perda de dados ou lucros, ou devido \u00e0 interrup\u00e7\u00e3o dos neg\u00f3cios) decorrentes do uso ou da impossibilidade de usar os materiais no site da Risevian, mesmo que a Risevian ou um representante autorizado tenha sido notificado, oralmente ou por escrito, da possibilidade de tais danos. Algumas jurisdi\u00e7\u00f5es n\u00e3o permitem limita\u00e7\u00f5es de garantias impl\u00edcitas ou de responsabilidade por danos consequenciais ou incidentais, portanto, essas limita\u00e7\u00f5es podem n\u00e3o se aplicar a voc\u00ea.<\/p>\n\n\n\n<hr class=\"wp-block-separator has-alpha-channel-opacity\" \/>\n\n\n\n<h2 class=\"wp-block-heading\"><strong>5. Precis\u00e3o dos Materiais<\/strong><\/h2>\n\n\n\n<p>Os materiais exibidos no site da Risevian podem conter erros t\u00e9cnicos, tipogr\u00e1ficos ou fotogr\u00e1ficos. A Risevian n\u00e3o garante que qualquer material em seu site seja preciso, completo ou atualizado. A Risevian pode fazer altera\u00e7\u00f5es nos materiais de seu site a qualquer momento, sem aviso pr\u00e9vio. No entanto, a Risevian n\u00e3o se compromete a atualizar tais materiais.<\/p>\n\n\n\n<hr class=\"wp-block-separator has-alpha-channel-opacity\" \/>\n\n\n\n<h2 class=\"wp-block-heading\"><strong>6. Links<\/strong><\/h2>\n\n\n\n<p>A Risevian n\u00e3o analisou todos os sites externos vinculados \u00e0 sua plataforma e n\u00e3o se responsabiliza pelo conte\u00fado de nenhum desses sites. A inclus\u00e3o de um link n\u00e3o implica endosso por parte da Risevian. O uso de qualquer site vinculado \u00e9 de responsabilidade do usu\u00e1rio.<\/p>\n\n\n\n<hr class=\"wp-block-separator has-alpha-channel-opacity\" \/>\n\n\n\n<h2 class=\"wp-block-heading\"><strong>7. Modifica\u00e7\u00f5es<\/strong><\/h2>\n\n\n\n<p>A Risevian poder\u00e1 revisar estes Termos de Servi\u00e7o a qualquer momento, sem aviso pr\u00e9vio. Ao usar este site, voc\u00ea concorda em ficar vinculado \u00e0 vers\u00e3o atual destes termos.<\/p>\n\n\n\n<hr class=\"wp-block-separator has-alpha-channel-opacity\" \/>\n\n\n\n<h2 class=\"wp-block-heading\"><strong>8. Lei Aplic\u00e1vel<\/strong><\/h2>\n\n\n\n<p>Estes Termos e Condi\u00e7\u00f5es s\u00e3o regidos e interpretados de acordo com as leis aplic\u00e1veis dos EUA, e voc\u00ea se submete irrevogavelmente \u00e0 jurisdi\u00e7\u00e3o exclusiva dos tribunais desse estado ou localidade.<\/p>","protected":false},"excerpt":{"rendered":"<p>Ao acessar o site da Risevian, voc\u00ea concorda em estar vinculado a estes Termos de Servi\u00e7o, a todas as leis e regulamentos aplic\u00e1veis e concorda que \u00e9 respons\u00e1vel pelo cumprimento de todas as leis relevantes dos EUA. Se voc\u00ea n\u00e3o concordar com algum destes termos, est\u00e1 proibido de usar ou acessar o site.<\/p>","protected":false},"author":250,"featured_media":0,"parent":0,"menu_order":0,"comment_status":"closed","ping_status":"closed","template":"","meta":{"footnotes":""},"_links":{"self":[{"href":"https:\/\/risevian.com\/pt\/wp-json\/wp\/v2\/pages\/21"}],"collection":[{"href":"https:\/\/risevian.com\/pt\/wp-json\/wp\/v2\/pages"}],"about":[{"href":"https:\/\/risevian.com\/pt\/wp-json\/wp\/v2\/types\/page"}],"author":[{"embeddable":true,"href":"https:\/\/risevian.com\/pt\/wp-json\/wp\/v2\/users\/250"}],"replies":[{"embeddable":true,"href":"https:\/\/risevian.com\/pt\/wp-json\/wp\/v2\/comments?post=21"}],"version-history":[{"count":3,"href":"https:\/\/risevian.com\/pt\/wp-json\/wp\/v2\/pages\/21\/revisions"}],"predecessor-version":[{"id":1026,"href":"https:\/\/risevian.com\/pt\/wp-json\/wp\/v2\/pages\/21\/revisions\/1026"}],"wp:attachment":[{"href":"https:\/\/risevian.com\/pt\/wp-json\/wp\/v2\/media?parent=21"}],"curies":[{"name":"wp","href":"https:\/\/api.w.org\/{rel}","templated":true}]}}