    {"id":8,"date":"2025-11-29T14:31:14","date_gmt":"2025-11-29T14:31:14","guid":{"rendered":"https:\/\/risevian.com\/?page_id=8"},"modified":"2025-12-25T20:46:14","modified_gmt":"2025-12-25T20:46:14","slug":"privacy-policy","status":"publish","type":"page","link":"https:\/\/risevian.com\/it\/privacy-policy\/","title":{"rendered":"politica sulla riservatezza"},"content":{"rendered":"<p><\/p>\n\n\n\n<p><\/p>\n\n\n\n<p>La tua privacy \u00e8 importante per noi. \u00c8 <strong>Di Risevian<\/strong> politica per rispettare la tua privacy in merito a qualsiasi informazione che potremmo raccogliere da te attraverso il nostro sito web, <strong>Risevian<\/strong>e altri siti di nostra propriet\u00e0 e gestione.<\/p>\n\n\n\n<p>Richiediamo informazioni personali solo quando ne abbiamo realmente bisogno per fornirti un servizio. Le raccogliamo con mezzi equi e leciti, con la tua conoscenza e il tuo consenso. Ci assicuriamo inoltre che tu comprenda perch\u00e9 le raccogliamo e come verranno utilizzate.<\/p>\n\n\n\n<p>Conserviamo le informazioni raccolte solo per il tempo necessario a fornirti il servizio richiesto. Tutti i dati che conserviamo sono protetti utilizzando metodi commercialmente accettabili per prevenirne la perdita, il furto, l&#039;accesso non autorizzato, la divulgazione, la copia, l&#039;uso o la modifica.<\/p>\n\n\n\n<p>Non condividiamo informazioni personali con terze parti o pubblicamente, salvo quando richiesto dalla legge.<\/p>\n\n\n\n<p>Il nostro sito web potrebbe contenere link a siti esterni non gestiti da noi. Si prega di notare che non abbiamo alcun controllo sul contenuto, sulle politiche o sulle pratiche di questi siti web esterni e non possiamo accettare alcuna responsabilit\u00e0 per le rispettive tutele della privacy.<\/p>\n\n\n\n<p>Puoi rifiutare la nostra richiesta di informazioni personali, con la consapevolezza che potremmo non essere in grado di fornirti alcuni dei servizi desiderati.<\/p>\n\n\n\n<p>L&#039;utilizzo continuato del nostro sito web sar\u00e0 considerato come accettazione delle nostre pratiche relative alla privacy e ai dati personali. Per qualsiasi domanda su come gestiamo le informazioni degli utenti, non esitate a contattarci in qualsiasi momento.<\/p>\n\n\n\n<hr class=\"wp-block-separator has-alpha-channel-opacity\" \/>\n\n\n\n<h1 class=\"wp-block-heading\"><strong>Informativa sui cookie per Risevian<\/strong><\/h1>\n\n\n\n<p>Questa \u00e8 la Cookie Policy per <strong>Risevian<\/strong>, accessibile dall&#039;URL del nostro sito web ufficiale.<\/p>\n\n\n\n<h2 class=\"wp-block-heading\"><strong>Cosa sono i cookie<\/strong><\/h2>\n\n\n\n<p>Come prassi standard per quasi tutti i siti web professionali, questo sito utilizza i cookie, piccoli file di testo scaricati sul tuo dispositivo, per migliorare la tua esperienza di navigazione. Questa pagina spiega quali informazioni raccolgono questi cookie, come li utilizziamo e perch\u00e9 a volte dobbiamo memorizzarli. Spiegheremo anche come puoi impedire che questi cookie vengano memorizzati, sebbene la disabilitazione dei cookie possa influire su alcune funzionalit\u00e0 del sito.<\/p>\n\n\n\n<hr class=\"wp-block-separator has-alpha-channel-opacity\" \/>\n\n\n\n<h1 class=\"wp-block-heading\"><strong>Come utilizziamo i cookie<\/strong><\/h1>\n\n\n\n<p>Utilizziamo i cookie per una serie di motivi, descritti di seguito. Purtroppo, nella maggior parte dei casi, non esistono opzioni standard di settore per disabilitare i cookie senza disattivare completamente le funzionalit\u00e0 che aggiungono al sito. Si consiglia di lasciare tutti i cookie abilitati, a meno che non si sia certi di non averne bisogno.<\/p>\n\n\n\n<hr class=\"wp-block-separator has-alpha-channel-opacity\" \/>\n\n\n\n<h1 class=\"wp-block-heading\"><strong>Disabilitazione dei cookie<\/strong><\/h1>\n\n\n\n<p>\u00c8 possibile impedire l&#039;installazione dei cookie modificando le impostazioni del browser (consultare il menu Aiuto del browser per le istruzioni). Tuttavia, si prega di notare che la disattivazione dei cookie potrebbe influire sulla funzionalit\u00e0 di questo e di altri siti web visitati. La disattivazione dei cookie di solito comporta la perdita di alcune funzionalit\u00e0 o l&#039;interruzione di alcune funzionalit\u00e0. Pertanto, si consiglia di non disattivare i cookie.<\/p>\n\n\n\n<hr class=\"wp-block-separator has-alpha-channel-opacity\" \/>\n\n\n\n<h1 class=\"wp-block-heading\"><strong>I cookie che impostiamo<\/strong><\/h1>\n\n\n\n<h3 class=\"wp-block-heading\"><strong>Cookie relativi all&#039;account<\/strong><\/h3>\n\n\n\n<p>Se crei un account con noi, utilizziamo i cookie per gestire la procedura di registrazione e l&#039;amministrazione generale. Questi cookie vengono solitamente eliminati al momento del logout; tuttavia, in alcuni casi, potrebbero rimanere attivi per ricordare le tue preferenze anche dopo il logout.<\/p>\n\n\n\n<h3 class=\"wp-block-heading\"><strong>Cookie relativi all&#039;accesso<\/strong><\/h3>\n\n\n\n<p>Utilizziamo i cookie quando effettui l&#039;accesso per ricordarlo. Questo ti evita di dover effettuare l&#039;accesso ogni volta che visiti una nuova pagina. Questi cookie vengono cancellati quando effettui il logout, per garantire che le funzionalit\u00e0 riservate siano accessibili solo se hai effettuato l&#039;accesso.<\/p>\n\n\n\n<h3 class=\"wp-block-heading\"><strong>Cookie della newsletter via e-mail<\/strong><\/h3>\n\n\n\n<p>Questo sito web offre servizi di newsletter o di abbonamento via email. I cookie potrebbero essere utilizzati per ricordare se sei gi\u00e0 registrato e per mostrare determinate notifiche rilevanti solo per gli utenti iscritti o non iscritti.<\/p>\n\n\n\n<h3 class=\"wp-block-heading\"><strong>Cookie di elaborazione degli ordini<\/strong><\/h3>\n\n\n\n<p>Se questo sito web offre funzionalit\u00e0 di e-commerce o di pagamento, i cookie sono essenziali per garantire che il tuo ordine venga ricordato tra le pagine, consentendoci di elaborarlo correttamente.<\/p>\n\n\n\n<h3 class=\"wp-block-heading\"><strong>Cookie del sondaggio<\/strong><\/h3>\n\n\n\n<p>Di tanto in tanto, proponiamo sondaggi o questionari agli utenti per fornire approfondimenti, strumenti o raccogliere feedback utili. I cookie possono essere utilizzati per ricordare chi ha gi\u00e0 partecipato o per conservare le risposte durante la navigazione.<\/p>\n\n\n\n<h3 class=\"wp-block-heading\"><strong>Cookie correlati al modulo<\/strong><\/h3>\n\n\n\n<p>Quando invii informazioni tramite moduli, come pagine di contatto o moduli di commento, i cookie potrebbero essere impostati per ricordare i tuoi dati utente per la corrispondenza futura.<\/p>\n\n\n\n<h3 class=\"wp-block-heading\"><strong>Cookie di preferenza del sito<\/strong><\/h3>\n\n\n\n<p>Per offrirti un&#039;esperienza personalizzata, ti consentiamo di impostare le tue preferenze sul funzionamento del sito. I cookie aiutano a ricordare queste impostazioni in modo che possano essere applicate ogni volta che interagisci con contenuti interessati dalle tue preferenze.<\/p>\n\n\n\n<h2 class=\"wp-block-heading\"><strong>Cookie di terze parti<\/strong><\/h2>\n\n\n\n<p>In alcuni casi particolari, utilizziamo anche cookie forniti da terze parti fidate. La sezione seguente descrive quali cookie di terze parti potresti incontrare durante la navigazione sul nostro sito.<\/p>\n\n\n\n<h3 class=\"wp-block-heading\"><strong>Google Analytics<\/strong><\/h3>\n\n\n\n<p>Questo sito utilizza <strong>Google Analytics<\/strong>, uno degli strumenti di analisi pi\u00f9 affidabili su Internet. Questi cookie ci aiutano a capire come i visitatori utilizzano il sito e come possiamo migliorare la tua esperienza. I cookie possono tracciare elementi come il tempo trascorso sul sito, le pagine visitate, le abitudini di navigazione e altro ancora.<\/p>\n\n\n\n<p>Per maggiori dettagli, puoi fare riferimento alla documentazione ufficiale di Google Analytics.<\/p>\n\n\n\n<h3 class=\"wp-block-heading\"><strong>Analisi di terze parti<\/strong><\/h3>\n\n\n\n<p>Potremmo utilizzare ulteriori strumenti di analisi di terze parti per monitorare e misurare l&#039;utilizzo di questo sito web, consentendoci di continuare a produrre contenuti di qualit\u00e0 e migliorare l&#039;esperienza dell&#039;utente.<\/p>\n\n\n\n<h3 class=\"wp-block-heading\"><strong>Cookie di test delle funzionalit\u00e0<\/strong><\/h3>\n\n\n\n<p>Occasionalmente, testiamo nuove funzionalit\u00e0 e apportiamo piccole modifiche al modo in cui il sito viene visualizzato. I cookie potrebbero essere utilizzati durante i test per garantire un&#039;esperienza coerente e aiutarci a capire quali ottimizzazioni sono pi\u00f9 apprezzate dagli utenti.<\/p>\n\n\n\n<h3 class=\"wp-block-heading\"><strong>Cookie di tracciamento dell&#039;e-commerce<\/strong><\/h3>\n\n\n\n<p>Se vendiamo prodotti o servizi, i cookie ci aiutano a comprendere i modelli di acquisto. Questi dati ci consentono di analizzare le prestazioni, la pubblicit\u00e0 e lo sviluppo dei prodotti.<\/p>\n\n\n\n<h3 class=\"wp-block-heading\"><strong>Cookie dei social media<\/strong><\/h3>\n\n\n\n<p>Potremmo includere pulsanti o plugin di social media (come Facebook, Instagram, Twitter, Pinterest, ecc.) che ti consentono di connetterti ai tuoi social network. Queste piattaforme potrebbero impostare cookie attraverso il nostro sito per migliorare il tuo profilo o contribuire con dati per le proprie analisi, in base alle rispettive informative sulla privacy.<\/p>\n\n\n\n<hr class=\"wp-block-separator has-alpha-channel-opacity\" \/>\n\n\n\n<h3 class=\"wp-block-heading\"><strong>Pubblicit\u00e0 e Opt-Out<\/strong><\/h3>\n\n\n\n<p>Utilizziamo Google AdX e altri partner pubblicitari per mostrare annunci pubblicitari agli utenti.<\/p>\n\n\n\n<p>Google e i suoi partner potrebbero utilizzare cookie e tecnologie simili per personalizzare gli annunci in base agli interessi degli utenti e al comportamento di navigazione.<\/p>\n\n\n\n<p>Gli utenti possono gestire o disattivare la pubblicit\u00e0 personalizzata visitando le seguenti pagine ufficiali di Google: <a href=\"https:\/\/myadcenter.google.com\/home?sasb=true&amp;ref=ad-settings\" target=\"_blank\" rel=\"noreferrer noopener\">Impostazioni di Google Ads<\/a> E <a href=\"https:\/\/myadcenter.google.com\/home\" target=\"_blank\" rel=\"noreferrer noopener\">Google My Ad Center<\/a><\/p>\n\n\n\n<p>Puoi disattivare la pubblicit\u00e0 personalizzata in qualsiasi momento utilizzando questi strumenti.<\/p>\n\n\n\n<h1 class=\"wp-block-heading\"><strong>Ulteriori informazioni<\/strong><\/h1>\n\n\n\n<p>Ci auguriamo che questa informativa ti abbia chiarito ogni aspetto. Come accennato in precedenza, se non sei sicuro di aver bisogno di determinati cookie, \u00e8 generalmente pi\u00f9 sicuro lasciarli abilitati per evitare di compromettere le funzionalit\u00e0 principali del sito.<\/p>\n\n\n\n<p>La presente politica \u00e8 efficace a partire dal <strong>Novembre 2025<\/strong>.<\/p>","protected":false},"excerpt":{"rendered":"<p>La tua privacy \u00e8 importante per noi. La politica di Risevian \u00e8 quella di rispettare la tua privacy in relazione a qualsiasi informazione che potremmo raccogliere da te attraverso il nostro sito web, Risevian e altri siti di nostra propriet\u00e0 e gestione. Richiediamo informazioni personali solo quando ne abbiamo realmente bisogno per fornirti un servizio. Le raccogliamo in modo equo [\u2026]<\/p>","protected":false},"author":250,"featured_media":0,"parent":0,"menu_order":0,"comment_status":"closed","ping_status":"closed","template":"","meta":{"footnotes":""},"_links":{"self":[{"href":"https:\/\/risevian.com\/it\/wp-json\/wp\/v2\/pages\/8"}],"collection":[{"href":"https:\/\/risevian.com\/it\/wp-json\/wp\/v2\/pages"}],"about":[{"href":"https:\/\/risevian.com\/it\/wp-json\/wp\/v2\/types\/page"}],"author":[{"embeddable":true,"href":"https:\/\/risevian.com\/it\/wp-json\/wp\/v2\/users\/250"}],"replies":[{"embeddable":true,"href":"https:\/\/risevian.com\/it\/wp-json\/wp\/v2\/comments?post=8"}],"version-history":[{"count":5,"href":"https:\/\/risevian.com\/it\/wp-json\/wp\/v2\/pages\/8\/revisions"}],"predecessor-version":[{"id":542,"href":"https:\/\/risevian.com\/it\/wp-json\/wp\/v2\/pages\/8\/revisions\/542"}],"wp:attachment":[{"href":"https:\/\/risevian.com\/it\/wp-json\/wp\/v2\/media?parent=8"}],"curies":[{"name":"wp","href":"https:\/\/api.w.org\/{rel}","templated":true}]}}