    {"id":5,"date":"2025-11-29T14:30:20","date_gmt":"2025-11-29T14:30:20","guid":{"rendered":"https:\/\/risevian.com\/?page_id=5"},"modified":"2025-11-29T14:30:20","modified_gmt":"2025-11-29T14:30:20","slug":"about-us","status":"publish","type":"page","link":"https:\/\/risevian.com\/it\/about-us\/","title":{"rendered":"Chi siamo"},"content":{"rendered":"<p><\/p>\n\n\n\n<p>Benvenuti a <strong>Risevian<\/strong>, la tua destinazione di fiducia per le ultime intuizioni, scoperte e tendenze che plasmano il mondo digitale di oggi. La nostra missione \u00e8 semplice: essere la tua principale fonte di informazioni affidabili su app, tecnologia, intrattenimento e servizi digitali di uso quotidiano. Crediamo nel potere dei contenuti ben realizzati di informare, ispirare e connettere le persone. Qui a Risevian, vogliamo che tu ti senta pi\u00f9 coinvolto nel mondo in rapida evoluzione che ti circonda, non solo comprendendo i fatti, ma anche le idee e le innovazioni che trasformano la vita moderna.<\/p>\n\n\n\n<h2 class=\"wp-block-heading\"><strong>La nostra storia<\/strong><\/h2>\n\n\n\n<p>Risevian nasce dalla passione di un gruppo di creativi appassionati di tecnologia, convinti che informazioni di alta qualit\u00e0 abbiano il potere di trasformare il modo in cui le persone apprendono, decidono e crescono. Fin dall&#039;inizio, la nostra missione \u00e8 stata quella di creare uno spazio in cui i lettori potessero esplorare contenuti affidabili, ben documentati e coinvolgenti. Fin dalla nostra fondazione, ci siamo costantemente concentrati sulla fornitura di articoli significativi che mantengano il nostro pubblico informato e ispirato dagli ultimi progressi della tecnologia e della cultura digitale.<\/p>\n\n\n\n<h2 class=\"wp-block-heading\"><strong>Il nostro team<\/strong><\/h2>\n\n\n\n<p>Il nostro team \u00e8 composto da scrittori, analisti e creatori esperti ed entusiasti, specializzati in settori quali app, tecnologia di consumo, intrattenimento digitale e strumenti online pratici. Ogni membro apporta un background e una prospettiva unici, arricchendo la diversit\u00e0 e la profondit\u00e0 dei nostri contenuti. Siamo costantemente impegnati ad apprendere, esplorare e perfezionare il nostro approccio per garantire di offrire gli aggiornamenti pi\u00f9 accurati, pertinenti e avvincenti dal mondo della tecnologia e dell&#039;innovazione digitale.<\/p>\n\n\n\n<h2 class=\"wp-block-heading\"><strong>Unisciti a noi<\/strong><\/h2>\n\n\n\n<p>Siamo entusiasti di averti come parte della community di Risevian. Seguici sui social media, iscriviti alla nostra newsletter e unisciti alla conversazione mentre approfondiamo le tendenze che plasmano il futuro. Per Risevian, l&#039;innovazione \u00e8 pi\u00f9 di un argomento: \u00e8 una passione che condividiamo con orgoglio con ogni lettore.<\/p>\n\n\n\n<p>Grazie per la visita. Insieme esploriamo nuove idee, scopriamo nuove possibilit\u00e0 e lasciamoci ispirare da ogni passo avanti.<\/p>\n\n\n\n<p><strong>Il team Risevian<\/strong><\/p>","protected":false},"excerpt":{"rendered":"<p>Welcome to Risevian, your trusted destination for the latest insights, breakthroughs, and trends shaping today\u2019s digital world. Our mission is simple: to be your leading source of reliable information in apps, technology, entertainment, and everyday digital utilities. We believe in the power of well-crafted content to inform, inspire, and connect people. Here at Risevian, we [&hellip;]<\/p>","protected":false},"author":250,"featured_media":0,"parent":0,"menu_order":0,"comment_status":"closed","ping_status":"closed","template":"","meta":{"footnotes":""},"_links":{"self":[{"href":"https:\/\/risevian.com\/it\/wp-json\/wp\/v2\/pages\/5"}],"collection":[{"href":"https:\/\/risevian.com\/it\/wp-json\/wp\/v2\/pages"}],"about":[{"href":"https:\/\/risevian.com\/it\/wp-json\/wp\/v2\/types\/page"}],"author":[{"embeddable":true,"href":"https:\/\/risevian.com\/it\/wp-json\/wp\/v2\/users\/250"}],"replies":[{"embeddable":true,"href":"https:\/\/risevian.com\/it\/wp-json\/wp\/v2\/comments?post=5"}],"version-history":[{"count":1,"href":"https:\/\/risevian.com\/it\/wp-json\/wp\/v2\/pages\/5\/revisions"}],"predecessor-version":[{"id":7,"href":"https:\/\/risevian.com\/it\/wp-json\/wp\/v2\/pages\/5\/revisions\/7"}],"wp:attachment":[{"href":"https:\/\/risevian.com\/it\/wp-json\/wp\/v2\/media?parent=5"}],"curies":[{"name":"wp","href":"https:\/\/api.w.org\/{rel}","templated":true}]}}