    {"id":21,"date":"2025-11-29T14:49:41","date_gmt":"2025-11-29T14:49:41","guid":{"rendered":"https:\/\/risevian.com\/?page_id=21"},"modified":"2026-02-09T18:51:27","modified_gmt":"2026-02-09T18:51:27","slug":"terms-of-service","status":"publish","type":"page","link":"https:\/\/risevian.com\/it\/terms-of-service\/","title":{"rendered":"Termini di servizio"},"content":{"rendered":"<p><\/p>\n\n\n\n<p>Accedendo al sito web all&#039;indirizzo <strong>Risevian<\/strong>, accetti di essere vincolato dai presenti Termini di Servizio, da tutte le leggi e i regolamenti applicabili e accetti di essere responsabile del rispetto di tutte le leggi pertinenti degli Stati Uniti. Se non accetti uno qualsiasi di questi termini, ti \u00e8 vietato utilizzare o accedere a questo sito. I materiali contenuti in questo sito web sono protetti dalle leggi applicabili sul copyright e sui marchi.<\/p>\n\n\n\n<hr class=\"wp-block-separator has-alpha-channel-opacity\" \/>\n\n\n\n<h2 class=\"wp-block-heading\"><strong>2. Licenza d&#039;uso<\/strong><\/h2>\n\n\n\n<p>\u00c8 consentito scaricare temporaneamente una copia dei materiali (informazioni o software) presenti sul sito web di Risevian esclusivamente per la visualizzazione personale, non commerciale e transitoria. Ci\u00f2 costituisce una licenza, non un trasferimento di propriet\u00e0, e in base a questa licenza non \u00e8 consentito:<\/p>\n\n\n\n<ul>\n<li>Modificare o copiare i materiali;<\/li>\n\n\n\n<li>Utilizzare i materiali per qualsiasi scopo commerciale o per qualsiasi esposizione pubblica (commerciale o non commerciale);<\/li>\n\n\n\n<li>Tentare di decompilare o sottoporre a reverse engineering qualsiasi software contenuto nel sito web di Risevian;<\/li>\n\n\n\n<li>Rimuovere qualsiasi copyright o altre annotazioni proprietarie dai materiali;<\/li>\n\n\n\n<li>Trasferisci i materiali a un&#039;altra persona o &quot;specchia&quot; i materiali su un altro server.<\/li>\n<\/ul>\n\n\n\n<p>La presente licenza cesser\u00e0 automaticamente in caso di violazione di una qualsiasi di queste restrizioni e potr\u00e0 essere revocata da Risevian in qualsiasi momento. Alla scadenza della presente licenza o al termine della visualizzazione dei materiali, l&#039;utente \u00e8 tenuto a distruggere qualsiasi materiale scaricato in suo possesso, sia in formato elettronico che cartaceo.<\/p>\n\n\n\n<hr class=\"wp-block-separator has-alpha-channel-opacity\" \/>\n\n\n\n<h2 class=\"wp-block-heading\"><strong>3. Dichiarazione di esclusione di responsabilit\u00e0<\/strong><\/h2>\n\n\n\n<p>I materiali presenti sul sito web di Risevian sono forniti &quot;cos\u00ec come sono&quot;. Risevian non fornisce alcuna garanzia, espressa o implicita, e con la presente declina e nega tutte le altre garanzie, incluse, a titolo esemplificativo ma non esaustivo, garanzie o condizioni implicite di commerciabilit\u00e0, idoneit\u00e0 per uno scopo particolare e non violazione della propriet\u00e0 intellettuale o altra violazione di diritti.<\/p>\n\n\n\n<p>Inoltre, Risevian non garantisce n\u00e9 rilascia alcuna dichiarazione in merito all&#039;accuratezza, ai probabili risultati o all&#039;affidabilit\u00e0 dell&#039;uso dei materiali presenti sul suo sito web o altrimenti correlati a tali materiali o a qualsiasi sito collegato a questo sito.<\/p>\n\n\n\n<hr class=\"wp-block-separator has-alpha-channel-opacity\" \/>\n\n\n\n<h2 class=\"wp-block-heading\"><strong>4. Limitazioni<\/strong><\/h2>\n\n\n\n<p>In nessun caso Risevian o i suoi fornitori saranno ritenuti responsabili per eventuali danni (inclusi, a titolo esemplificativo ma non esaustivo, danni per perdita di dati o profitti, o dovuti a interruzione dell&#039;attivit\u00e0) derivanti dall&#039;utilizzo o dall&#039;impossibilit\u00e0 di utilizzare i materiali presenti sul sito web di Risevian, anche qualora Risevian o un suo rappresentante autorizzato sia stato informato oralmente o per iscritto della possibilit\u00e0 di tale danno. Alcune giurisdizioni non consentono limitazioni alle garanzie implicite o alla responsabilit\u00e0 per danni consequenziali o incidentali, pertanto tali limitazioni potrebbero non essere applicabili.<\/p>\n\n\n\n<hr class=\"wp-block-separator has-alpha-channel-opacity\" \/>\n\n\n\n<h2 class=\"wp-block-heading\"><strong>5. Precisione dei materiali<\/strong><\/h2>\n\n\n\n<p>I materiali presenti sul sito web di Risevian potrebbero contenere errori tecnici, tipografici o fotografici. Risevian non garantisce che i materiali presenti sul suo sito web siano accurati, completi o aggiornati. Risevian pu\u00f2 apportare modifiche ai materiali presenti sul suo sito web in qualsiasi momento e senza preavviso. Tuttavia, Risevian non si impegna ad aggiornare tali materiali.<\/p>\n\n\n\n<hr class=\"wp-block-separator has-alpha-channel-opacity\" \/>\n\n\n\n<h2 class=\"wp-block-heading\"><strong>6. Collegamenti<\/strong><\/h2>\n\n\n\n<p>Risevian non ha esaminato tutti i siti esterni collegati alla sua piattaforma e non \u00e8 responsabile del contenuto di tali siti. L&#039;inclusione di un collegamento non implica l&#039;approvazione da parte di Risevian. L&#039;utilizzo di qualsiasi sito web collegato \u00e8 a rischio e pericolo dell&#039;utente.<\/p>\n\n\n\n<hr class=\"wp-block-separator has-alpha-channel-opacity\" \/>\n\n\n\n<h2 class=\"wp-block-heading\"><strong>7. Modifiche<\/strong><\/h2>\n\n\n\n<p>Risevian si riserva il diritto di modificare i presenti Termini di Servizio in qualsiasi momento e senza preavviso. Utilizzando questo sito web, l&#039;utente accetta di essere vincolato dalla versione vigente dei presenti Termini.<\/p>\n\n\n\n<hr class=\"wp-block-separator has-alpha-channel-opacity\" \/>\n\n\n\n<h2 class=\"wp-block-heading\"><strong>8. Legge applicabile<\/strong><\/h2>\n\n\n\n<p>I presenti Termini e Condizioni sono regolati e interpretati in conformit\u00e0 con le leggi applicabili degli Stati Uniti e l&#039;utente si sottopone irrevocabilmente alla giurisdizione esclusiva dei tribunali di tale stato o localit\u00e0.<\/p>","protected":false},"excerpt":{"rendered":"<p>By accessing the website at Risevian, you are agreeing to be bound by these Terms of Service, all applicable laws and regulations, and you agree that you are responsible for compliance with any relevant laws of the USA. If you do not agree with any of these terms, you are prohibited from using or accessing [&hellip;]<\/p>","protected":false},"author":250,"featured_media":0,"parent":0,"menu_order":0,"comment_status":"closed","ping_status":"closed","template":"","meta":{"footnotes":""},"_links":{"self":[{"href":"https:\/\/risevian.com\/it\/wp-json\/wp\/v2\/pages\/21"}],"collection":[{"href":"https:\/\/risevian.com\/it\/wp-json\/wp\/v2\/pages"}],"about":[{"href":"https:\/\/risevian.com\/it\/wp-json\/wp\/v2\/types\/page"}],"author":[{"embeddable":true,"href":"https:\/\/risevian.com\/it\/wp-json\/wp\/v2\/users\/250"}],"replies":[{"embeddable":true,"href":"https:\/\/risevian.com\/it\/wp-json\/wp\/v2\/comments?post=21"}],"version-history":[{"count":3,"href":"https:\/\/risevian.com\/it\/wp-json\/wp\/v2\/pages\/21\/revisions"}],"predecessor-version":[{"id":1026,"href":"https:\/\/risevian.com\/it\/wp-json\/wp\/v2\/pages\/21\/revisions\/1026"}],"wp:attachment":[{"href":"https:\/\/risevian.com\/it\/wp-json\/wp\/v2\/media?parent=21"}],"curies":[{"name":"wp","href":"https:\/\/api.w.org\/{rel}","templated":true}]}}