    {"id":8,"date":"2025-11-29T14:31:14","date_gmt":"2025-11-29T14:31:14","guid":{"rendered":"https:\/\/risevian.com\/?page_id=8"},"modified":"2025-12-25T20:46:14","modified_gmt":"2025-12-25T20:46:14","slug":"privacy-policy","status":"publish","type":"page","link":"https:\/\/risevian.com\/fr\/privacy-policy\/","title":{"rendered":"politique de confidentialit\u00e9"},"content":{"rendered":"<p><\/p>\n\n\n\n<p><\/p>\n\n\n\n<p>Votre vie priv\u00e9e est importante pour nous. <strong>Risevian<\/strong> politique de respect de votre vie priv\u00e9e concernant toute information que nous pourrions recueillir aupr\u00e8s de vous sur notre site web, <strong>Risevian<\/strong>et d&#039;autres sites que nous poss\u00e9dons et exploitons.<\/p>\n\n\n\n<p>Nous ne demandons de renseignements personnels que lorsque cela est strictement n\u00e9cessaire pour vous fournir un service. Nous les recueillons de mani\u00e8re loyale et licite, avec votre consentement explicite. Nous veillons \u00e9galement \u00e0 ce que vous compreniez pourquoi nous les recueillons et comment elles seront utilis\u00e9es.<\/p>\n\n\n\n<p>Nous ne conservons les informations collect\u00e9es que le temps n\u00e9cessaire pour vous fournir le service demand\u00e9. Toutes les donn\u00e9es que nous stockons sont prot\u00e9g\u00e9es par des m\u00e9thodes commercialement acceptables afin d&#039;emp\u00eacher toute perte, vol, acc\u00e8s non autoris\u00e9, divulgation, copie, utilisation ou modification.<\/p>\n\n\n\n<p>Nous ne partageons pas publiquement ni avec des tiers les informations permettant d&#039;identifier une personne, sauf lorsque la loi l&#039;exige.<\/p>\n\n\n\n<p>Notre site web peut contenir des liens vers des sites externes non exploit\u00e9s par nos soins. Veuillez noter que nous n&#039;exer\u00e7ons aucun contr\u00f4le sur le contenu, les politiques ou les pratiques de ces sites externes et que nous d\u00e9clinons toute responsabilit\u00e9 quant \u00e0 leurs mesures de protection de la vie priv\u00e9e.<\/p>\n\n\n\n<p>Vous \u00eates libre de refuser notre demande de renseignements personnels, \u00e9tant entendu que nous pourrions alors ne pas \u00eatre en mesure de vous fournir certains des services souhait\u00e9s.<\/p>\n\n\n\n<p>En continuant \u00e0 utiliser notre site web, vous acceptez nos pratiques en mati\u00e8re de confidentialit\u00e9 et de traitement des donn\u00e9es personnelles. Pour toute question concernant la gestion de vos informations, n&#039;h\u00e9sitez pas \u00e0 nous contacter.<\/p>\n\n\n\n<hr class=\"wp-block-separator has-alpha-channel-opacity\" \/>\n\n\n\n<h1 class=\"wp-block-heading\"><strong>Politique relative aux cookies pour Risevian<\/strong><\/h1>\n\n\n\n<p>Voici la politique relative aux cookies pour <strong>Risevian<\/strong>, accessible depuis l&#039;URL de notre site web officiel.<\/p>\n\n\n\n<h2 class=\"wp-block-heading\"><strong>Que sont les cookies ?<\/strong><\/h2>\n\n\n\n<p>Comme c&#039;est le cas pour la quasi-totalit\u00e9 des sites web professionnels, ce site utilise des cookies (petits fichiers texte t\u00e9l\u00e9charg\u00e9s sur votre appareil) afin d&#039;am\u00e9liorer votre exp\u00e9rience de navigation. Cette page explique quelles informations ces cookies recueillent, comment nous les utilisons et pourquoi nous devons parfois les stocker. Nous vous expliquons \u00e9galement comment emp\u00eacher le stockage de ces cookies, sachant que leur d\u00e9sactivation peut affecter certaines fonctionnalit\u00e9s du site.<\/p>\n\n\n\n<hr class=\"wp-block-separator has-alpha-channel-opacity\" \/>\n\n\n\n<h1 class=\"wp-block-heading\"><strong>Comment nous utilisons les cookies<\/strong><\/h1>\n\n\n\n<p>Nous utilisons des cookies pour diverses raisons d\u00e9taill\u00e9es ci-dessous. Malheureusement, dans la plupart des cas, il n&#039;existe pas d&#039;option standard pour d\u00e9sactiver les cookies sans d\u00e9sactiver compl\u00e8tement les fonctionnalit\u00e9s qu&#039;ils apportent au site. Il est donc recommand\u00e9 de laisser tous les cookies activ\u00e9s, sauf si vous \u00eates certain de ne pas en avoir besoin.<\/p>\n\n\n\n<hr class=\"wp-block-separator has-alpha-channel-opacity\" \/>\n\n\n\n<h1 class=\"wp-block-heading\"><strong>D\u00e9sactivation des cookies<\/strong><\/h1>\n\n\n\n<p>Vous pouvez emp\u00eacher l&#039;installation de cookies en modifiant les param\u00e8tres de votre navigateur (consultez le menu d&#039;aide de votre navigateur pour obtenir des instructions). Cependant, veuillez noter que la d\u00e9sactivation des cookies peut affecter le fonctionnement de ce site web et d&#039;autres sites que vous visitez. La d\u00e9sactivation des cookies entra\u00eene g\u00e9n\u00e9ralement la perte de certaines fonctionnalit\u00e9s ou un dysfonctionnement du site. Par cons\u00e9quent, il est recommand\u00e9 de ne pas d\u00e9sactiver les cookies.<\/p>\n\n\n\n<hr class=\"wp-block-separator has-alpha-channel-opacity\" \/>\n\n\n\n<h1 class=\"wp-block-heading\"><strong>Les cookies que nous installons<\/strong><\/h1>\n\n\n\n<h3 class=\"wp-block-heading\"><strong>Cookies li\u00e9s au compte<\/strong><\/h3>\n\n\n\n<p>Si vous cr\u00e9ez un compte chez nous, nous utilisons des cookies pour g\u00e9rer le processus d&#039;inscription et l&#039;administration g\u00e9n\u00e9rale. Ces cookies sont g\u00e9n\u00e9ralement supprim\u00e9s lorsque vous vous d\u00e9connectez\u00a0; toutefois, dans certains cas, ils peuvent \u00eatre conserv\u00e9s afin de m\u00e9moriser vos pr\u00e9f\u00e9rences apr\u00e8s votre d\u00e9connexion.<\/p>\n\n\n\n<h3 class=\"wp-block-heading\"><strong>Cookies li\u00e9s \u00e0 la connexion<\/strong><\/h3>\n\n\n\n<p>Nous utilisons des cookies lorsque vous \u00eates connect\u00e9 afin de m\u00e9moriser votre connexion. Cela vous \u00e9vite de vous reconnecter \u00e0 chaque nouvelle page. Ces cookies sont supprim\u00e9s lorsque vous vous d\u00e9connectez, garantissant ainsi que les fonctionnalit\u00e9s r\u00e9serv\u00e9es aux utilisateurs connect\u00e9s restent accessibles uniquement lorsque vous \u00eates connect\u00e9.<\/p>\n\n\n\n<h3 class=\"wp-block-heading\"><strong>Cookies de la newsletter par e-mail<\/strong><\/h3>\n\n\n\n<p>Ce site web propose des services d&#039;abonnement \u00e0 une newsletter ou \u00e0 des e-mails. Des cookies peuvent \u00eatre utilis\u00e9s pour m\u00e9moriser votre inscription et afficher des notifications sp\u00e9cifiques aux utilisateurs abonn\u00e9s ou non abonn\u00e9s.<\/p>\n\n\n\n<h3 class=\"wp-block-heading\"><strong>Cookies de traitement des commandes<\/strong><\/h3>\n\n\n\n<p>Si ce site web propose des fonctionnalit\u00e9s de commerce \u00e9lectronique ou de paiement, les cookies sont essentiels pour garantir que votre commande soit m\u00e9moris\u00e9e d&#039;une page \u00e0 l&#039;autre, nous permettant ainsi de la traiter correctement.<\/p>\n\n\n\n<h3 class=\"wp-block-heading\"><strong>Cookies d&#039;enqu\u00eate<\/strong><\/h3>\n\n\n\n<p>Nous proposons r\u00e9guli\u00e8rement des sondages ou des questionnaires aux utilisateurs afin de recueillir des informations, des outils ou des commentaires utiles. Des cookies peuvent \u00eatre utilis\u00e9s pour m\u00e9moriser les participants ou conserver vos r\u00e9ponses lors de votre navigation.<\/p>\n\n\n\n<h3 class=\"wp-block-heading\"><strong>Cookies li\u00e9s aux formulaires<\/strong><\/h3>\n\n\n\n<p>Lorsque vous soumettez des informations via des formulaires (pages de contact ou formulaires de commentaires, par exemple), des cookies peuvent \u00eatre install\u00e9s pour m\u00e9moriser vos informations d&#039;utilisateur en vue de futures correspondances.<\/p>\n\n\n\n<h3 class=\"wp-block-heading\"><strong>Cookies de pr\u00e9f\u00e9rences du site<\/strong><\/h3>\n\n\n\n<p>Pour vous offrir une exp\u00e9rience personnalis\u00e9e, nous vous permettons de d\u00e9finir vos pr\u00e9f\u00e9rences de fonctionnement du site. Les cookies permettent de m\u00e9moriser ces param\u00e8tres afin qu&#039;ils soient appliqu\u00e9s lors de vos interactions avec les contenus concern\u00e9s.<\/p>\n\n\n\n<h2 class=\"wp-block-heading\"><strong>Cookies tiers<\/strong><\/h2>\n\n\n\n<p>Dans certains cas particuliers, nous utilisons \u00e9galement des cookies fournis par des tiers de confiance. La section ci-dessous d\u00e9crit les cookies tiers que vous pourriez rencontrer lors de votre navigation sur notre site.<\/p>\n\n\n\n<h3 class=\"wp-block-heading\"><strong>Google Analytics<\/strong><\/h3>\n\n\n\n<p>Ce site utilise <strong>Google Analytics<\/strong>, l&#039;un des outils d&#039;analyse les plus fiables sur Internet. Ces cookies nous aident \u00e0 comprendre comment les visiteurs utilisent le site et comment nous pouvons am\u00e9liorer votre exp\u00e9rience. Les cookies peuvent suivre des \u00e9l\u00e9ments tels que le temps pass\u00e9 sur le site, les pages consult\u00e9es, les habitudes de navigation, etc.<\/p>\n\n\n\n<p>Pour plus de d\u00e9tails, vous pouvez consulter la documentation officielle de Google Analytics.<\/p>\n\n\n\n<h3 class=\"wp-block-heading\"><strong>Analyses tierces<\/strong><\/h3>\n\n\n\n<p>Nous pouvons utiliser des outils d&#039;analyse tiers suppl\u00e9mentaires pour suivre et mesurer l&#039;utilisation de ce site Web, ce qui nous permet de continuer \u00e0 produire du contenu de qualit\u00e9 et d&#039;am\u00e9liorer l&#039;exp\u00e9rience utilisateur.<\/p>\n\n\n\n<h3 class=\"wp-block-heading\"><strong>Cookies de test de fonctionnalit\u00e9s<\/strong><\/h3>\n\n\n\n<p>Nous testons parfois de nouvelles fonctionnalit\u00e9s et apportons des modifications mineures \u00e0 l&#039;affichage du site. Des cookies peuvent \u00eatre utilis\u00e9s lors de ces tests afin de garantir une exp\u00e9rience utilisateur coh\u00e9rente et de nous aider \u00e0 identifier les optimisations les plus appr\u00e9ci\u00e9es.<\/p>\n\n\n\n<h3 class=\"wp-block-heading\"><strong>Cookies de suivi du commerce \u00e9lectronique<\/strong><\/h3>\n\n\n\n<p>Si nous vendons des produits ou des services, les cookies nous aident \u00e0 comprendre les habitudes d&#039;achat. Ces donn\u00e9es nous permettent d&#039;analyser les performances, la publicit\u00e9 et le d\u00e9veloppement des produits.<\/p>\n\n\n\n<h3 class=\"wp-block-heading\"><strong>Cookies des r\u00e9seaux sociaux<\/strong><\/h3>\n\n\n\n<p>Nous pouvons int\u00e9grer des boutons ou des plugins de r\u00e9seaux sociaux (tels que Facebook, Instagram, Twitter, Pinterest, etc.) vous permettant de vous connecter \u00e0 vos r\u00e9seaux sociaux. Ces plateformes peuvent d\u00e9poser des cookies via notre site afin d&#039;enrichir votre profil ou de fournir des donn\u00e9es pour leurs propres analyses, conform\u00e9ment \u00e0 leurs politiques de confidentialit\u00e9 respectives.<\/p>\n\n\n\n<hr class=\"wp-block-separator has-alpha-channel-opacity\" \/>\n\n\n\n<h3 class=\"wp-block-heading\"><strong>Publicit\u00e9 et d\u00e9sabonnement<\/strong><\/h3>\n\n\n\n<p>Nous utilisons Google AdX et d&#039;autres partenaires publicitaires pour afficher des annonces aux utilisateurs.<\/p>\n\n\n\n<p>Google et ses partenaires peuvent utiliser des cookies et des technologies similaires pour personnaliser les annonces en fonction des centres d&#039;int\u00e9r\u00eat et du comportement de navigation des utilisateurs.<\/p>\n\n\n\n<p>Les utilisateurs peuvent g\u00e9rer ou d\u00e9sactiver la publicit\u00e9 personnalis\u00e9e en consultant les pages officielles Google suivantes\u00a0: <a href=\"https:\/\/myadcenter.google.com\/home?sasb=true&amp;ref=ad-settings\" target=\"_blank\" rel=\"noreferrer noopener\">Param\u00e8tres des annonces Google<\/a> et <a href=\"https:\/\/myadcenter.google.com\/home\" target=\"_blank\" rel=\"noreferrer noopener\">Centre publicitaire Google<\/a><\/p>\n\n\n\n<p>Vous pouvez d\u00e9sactiver la publicit\u00e9 personnalis\u00e9e \u00e0 tout moment gr\u00e2ce \u00e0 ces outils.<\/p>\n\n\n\n<h1 class=\"wp-block-heading\"><strong>Plus d&#039;informations<\/strong><\/h1>\n\n\n\n<p>Nous esp\u00e9rons que cette politique a r\u00e9pondu \u00e0 toutes vos questions. Comme indiqu\u00e9 pr\u00e9c\u00e9demment, en cas de doute sur la n\u00e9cessit\u00e9 de certains cookies, il est g\u00e9n\u00e9ralement plus s\u00fbr de les laisser activ\u00e9s afin de ne pas perturber les fonctionnalit\u00e9s essentielles du site.<\/p>\n\n\n\n<p>Cette politique entre en vigueur \u00e0 compter du <strong>Novembre 2025<\/strong>.<\/p>","protected":false},"excerpt":{"rendered":"<p>Le respect de votre vie priv\u00e9e est important pour nous. La politique de Risevian est de respecter votre vie priv\u00e9e concernant toutes les informations que nous pouvons recueillir aupr\u00e8s de vous sur notre site web, Risevian, et sur les autres sites que nous poss\u00e9dons et exploitons. Nous ne demandons des informations personnelles que lorsque cela est strictement n\u00e9cessaire pour vous fournir un service. Nous les recueillons de mani\u00e8re loyale [\u2026]<\/p>","protected":false},"author":250,"featured_media":0,"parent":0,"menu_order":0,"comment_status":"closed","ping_status":"closed","template":"","meta":{"footnotes":""},"_links":{"self":[{"href":"https:\/\/risevian.com\/fr\/wp-json\/wp\/v2\/pages\/8"}],"collection":[{"href":"https:\/\/risevian.com\/fr\/wp-json\/wp\/v2\/pages"}],"about":[{"href":"https:\/\/risevian.com\/fr\/wp-json\/wp\/v2\/types\/page"}],"author":[{"embeddable":true,"href":"https:\/\/risevian.com\/fr\/wp-json\/wp\/v2\/users\/250"}],"replies":[{"embeddable":true,"href":"https:\/\/risevian.com\/fr\/wp-json\/wp\/v2\/comments?post=8"}],"version-history":[{"count":5,"href":"https:\/\/risevian.com\/fr\/wp-json\/wp\/v2\/pages\/8\/revisions"}],"predecessor-version":[{"id":542,"href":"https:\/\/risevian.com\/fr\/wp-json\/wp\/v2\/pages\/8\/revisions\/542"}],"wp:attachment":[{"href":"https:\/\/risevian.com\/fr\/wp-json\/wp\/v2\/media?parent=8"}],"curies":[{"name":"wp","href":"https:\/\/api.w.org\/{rel}","templated":true}]}}