    {"id":5,"date":"2025-11-29T14:30:20","date_gmt":"2025-11-29T14:30:20","guid":{"rendered":"https:\/\/risevian.com\/?page_id=5"},"modified":"2025-11-29T14:30:20","modified_gmt":"2025-11-29T14:30:20","slug":"about-us","status":"publish","type":"page","link":"https:\/\/risevian.com\/fr\/about-us\/","title":{"rendered":"\u00c0 propos de nous"},"content":{"rendered":"<p><\/p>\n\n\n\n<p>Bienvenue sur <strong>Risevian<\/strong>Risevian est votre source de r\u00e9f\u00e9rence pour les derni\u00e8res analyses, innovations et tendances qui fa\u00e7onnent le monde num\u00e9rique d&#039;aujourd&#039;hui. Notre mission est simple\u00a0: \u00eatre votre source principale d&#039;informations fiables sur les applications, la technologie, le divertissement et les outils num\u00e9riques du quotidien. Nous croyons au pouvoir d&#039;un contenu de qualit\u00e9 pour informer, inspirer et connecter les gens. Chez Risevian, nous souhaitons vous permettre de vous sentir plus impliqu\u00e9 dans le monde en constante \u00e9volution qui vous entoure, en vous aidant non seulement \u00e0 comprendre les faits, mais aussi les id\u00e9es et les innovations qui transforment la vie moderne.<\/p>\n\n\n\n<h2 class=\"wp-block-heading\"><strong>Notre histoire<\/strong><\/h2>\n\n\n\n<p>Risevian est n\u00e9 de la passion d&#039;un groupe de cr\u00e9ateurs f\u00e9rus de technologie, convaincus que l&#039;information de qualit\u00e9 peut transformer la fa\u00e7on dont les gens apprennent, prennent des d\u00e9cisions et \u00e9voluent. Depuis nos d\u00e9buts, notre mission est de cr\u00e9er un espace o\u00f9 les lecteurs peuvent d\u00e9couvrir des contenus fiables, document\u00e9s et captivants. Depuis notre cr\u00e9ation, nous nous effor\u00e7ons de proposer des articles pertinents qui informent et inspirent notre public gr\u00e2ce aux derni\u00e8res avanc\u00e9es technologiques et culturelles num\u00e9riques.<\/p>\n\n\n\n<h2 class=\"wp-block-heading\"><strong>Notre \u00e9quipe<\/strong><\/h2>\n\n\n\n<p>Notre \u00e9quipe est compos\u00e9e de r\u00e9dacteurs, d&#039;analystes et de cr\u00e9ateurs comp\u00e9tents et passionn\u00e9s, sp\u00e9cialis\u00e9s dans des domaines tels que les applications, les technologies grand public, le divertissement num\u00e9rique et les outils en ligne pratiques. Chaque membre apporte une exp\u00e9rience et une perspective uniques, enrichissant ainsi la diversit\u00e9 et la profondeur de nos contenus. Nous apprenons, explorons et perfectionnons constamment notre approche afin de vous proposer les actualit\u00e9s les plus pr\u00e9cises, pertinentes et captivantes du monde de la technologie et de l&#039;innovation num\u00e9rique.<\/p>\n\n\n\n<h2 class=\"wp-block-heading\"><strong>Rejoignez-nous<\/strong><\/h2>\n\n\n\n<p>Nous sommes ravis de vous compter parmi les membres de la communaut\u00e9 Risevian. Suivez-nous sur les r\u00e9seaux sociaux, abonnez-vous \u00e0 notre newsletter et participez \u00e0 la discussion sur les tendances qui fa\u00e7onnent l&#039;avenir. Chez Risevian, l&#039;innovation est bien plus qu&#039;un sujet\u00a0: c&#039;est une passion que nous sommes fiers de partager avec chacun de nos lecteurs.<\/p>\n\n\n\n<p>Merci de votre visite. Ensemble, explorons de nouvelles id\u00e9es, d\u00e9couvrons de nouvelles possibilit\u00e9s et laissons-nous inspirer par chaque progr\u00e8s.<\/p>\n\n\n\n<p><strong>L&#039;\u00e9quipe Risevian<\/strong><\/p>","protected":false},"excerpt":{"rendered":"<p>Welcome to Risevian, your trusted destination for the latest insights, breakthroughs, and trends shaping today\u2019s digital world. Our mission is simple: to be your leading source of reliable information in apps, technology, entertainment, and everyday digital utilities. We believe in the power of well-crafted content to inform, inspire, and connect people. Here at Risevian, we [&hellip;]<\/p>","protected":false},"author":250,"featured_media":0,"parent":0,"menu_order":0,"comment_status":"closed","ping_status":"closed","template":"","meta":{"footnotes":""},"_links":{"self":[{"href":"https:\/\/risevian.com\/fr\/wp-json\/wp\/v2\/pages\/5"}],"collection":[{"href":"https:\/\/risevian.com\/fr\/wp-json\/wp\/v2\/pages"}],"about":[{"href":"https:\/\/risevian.com\/fr\/wp-json\/wp\/v2\/types\/page"}],"author":[{"embeddable":true,"href":"https:\/\/risevian.com\/fr\/wp-json\/wp\/v2\/users\/250"}],"replies":[{"embeddable":true,"href":"https:\/\/risevian.com\/fr\/wp-json\/wp\/v2\/comments?post=5"}],"version-history":[{"count":1,"href":"https:\/\/risevian.com\/fr\/wp-json\/wp\/v2\/pages\/5\/revisions"}],"predecessor-version":[{"id":7,"href":"https:\/\/risevian.com\/fr\/wp-json\/wp\/v2\/pages\/5\/revisions\/7"}],"wp:attachment":[{"href":"https:\/\/risevian.com\/fr\/wp-json\/wp\/v2\/media?parent=5"}],"curies":[{"name":"wp","href":"https:\/\/api.w.org\/{rel}","templated":true}]}}