    {"id":21,"date":"2025-11-29T14:49:41","date_gmt":"2025-11-29T14:49:41","guid":{"rendered":"https:\/\/risevian.com\/?page_id=21"},"modified":"2026-02-09T18:51:27","modified_gmt":"2026-02-09T18:51:27","slug":"terms-of-service","status":"publish","type":"page","link":"https:\/\/risevian.com\/fr\/terms-of-service\/","title":{"rendered":"Conditions d&#039;utilisation"},"content":{"rendered":"<p><\/p>\n\n\n\n<p>En acc\u00e9dant au site web \u00e0 <strong>Risevian<\/strong>En utilisant ce site, vous acceptez d&#039;\u00eatre li\u00e9 par les pr\u00e9sentes Conditions d&#039;utilisation, ainsi que par toutes les lois et r\u00e9glementations applicables. Vous reconnaissez \u00e9galement \u00eatre responsable du respect des lois en vigueur aux \u00c9tats-Unis. Si vous n&#039;acceptez pas ces conditions, il vous est interdit d&#039;utiliser ce site ou d&#039;y acc\u00e9der. Le contenu de ce site web est prot\u00e9g\u00e9 par les lois applicables en mati\u00e8re de droit d&#039;auteur et de marques.<\/p>\n\n\n\n<hr class=\"wp-block-separator has-alpha-channel-opacity\" \/>\n\n\n\n<h2 class=\"wp-block-heading\"><strong>2. Licence d&#039;utilisation<\/strong><\/h2>\n\n\n\n<p>L&#039;autorisation est accord\u00e9e de t\u00e9l\u00e9charger temporairement une copie des documents (informations ou logiciels) pr\u00e9sents sur le site web de Risevian pour une consultation personnelle, non commerciale et transitoire uniquement. Il s&#039;agit d&#039;une licence d&#039;utilisation, et non d&#039;un transfert de propri\u00e9t\u00e9. En vertu de cette licence, vous n&#039;\u00eates pas autoris\u00e9 \u00e0\u00a0:<\/p>\n\n\n\n<ul>\n<li>Modifier ou copier les documents\u00a0;<\/li>\n\n\n\n<li>Utiliser les documents \u00e0 des fins commerciales ou pour toute pr\u00e9sentation publique (commerciale ou non commerciale) ;<\/li>\n\n\n\n<li>Tenter de d\u00e9compiler ou de proc\u00e9der \u00e0 une ing\u00e9nierie inverse de tout logiciel contenu sur le site web de Risevian\u00a0;<\/li>\n\n\n\n<li>Supprimer toute mention de droit d&#039;auteur ou autre mention de propri\u00e9t\u00e9 des documents\u00a0;<\/li>\n\n\n\n<li>Transf\u00e9rez les documents \u00e0 une autre personne ou \u00ab dupliquez \u00bb les documents sur un autre serveur.<\/li>\n<\/ul>\n\n\n\n<p>Cette licence sera automatiquement r\u00e9sili\u00e9e en cas de violation de l&#039;une de ces restrictions et peut \u00eatre r\u00e9sili\u00e9e par Risevian \u00e0 tout moment. D\u00e8s la r\u00e9siliation de cette licence ou une fois votre consultation des documents termin\u00e9e, vous devez d\u00e9truire tous les documents t\u00e9l\u00e9charg\u00e9s en votre possession, qu&#039;ils soient au format \u00e9lectronique ou imprim\u00e9.<\/p>\n\n\n\n<hr class=\"wp-block-separator has-alpha-channel-opacity\" \/>\n\n\n\n<h2 class=\"wp-block-heading\"><strong>3. Clause de non-responsabilit\u00e9<\/strong><\/h2>\n\n\n\n<p>Les informations pr\u00e9sentes sur le site web de Risevian sont fournies \u00ab\u00a0en l\u2019\u00e9tat\u00a0\u00bb. Risevian n\u2019offre aucune garantie, expresse ou implicite, et d\u00e9cline par la pr\u00e9sente toute autre garantie, y compris, sans limitation, les garanties ou conditions implicites de qualit\u00e9 marchande, d\u2019ad\u00e9quation \u00e0 un usage particulier et d\u2019absence de contrefa\u00e7on de propri\u00e9t\u00e9 intellectuelle ou autre violation de droits.<\/p>\n\n\n\n<p>De plus, Risevian ne garantit ni ne fait aucune d\u00e9claration concernant l&#039;exactitude, les r\u00e9sultats probables ou la fiabilit\u00e9 de l&#039;utilisation des documents sur son site Web ou concernant ces documents ou tout site li\u00e9 \u00e0 ce site.<\/p>\n\n\n\n<hr class=\"wp-block-separator has-alpha-channel-opacity\" \/>\n\n\n\n<h2 class=\"wp-block-heading\"><strong>4. Limitations<\/strong><\/h2>\n\n\n\n<p>En aucun cas, Risevian ou ses fournisseurs ne pourront \u00eatre tenus responsables des dommages (y compris, sans limitation, les dommages pour perte de donn\u00e9es ou de profits, ou dus \u00e0 une interruption d&#039;activit\u00e9) r\u00e9sultant de l&#039;utilisation ou de l&#039;impossibilit\u00e9 d&#039;utiliser les \u00e9l\u00e9ments du site web de Risevian, m\u00eame si Risevian ou un repr\u00e9sentant autoris\u00e9 a \u00e9t\u00e9 inform\u00e9 oralement ou par \u00e9crit de la possibilit\u00e9 de tels dommages. Certaines juridictions n&#039;autorisent pas les limitations de garanties implicites ni la responsabilit\u00e9 pour les dommages indirects ou cons\u00e9cutifs\u00a0; par cons\u00e9quent, ces limitations peuvent ne pas vous \u00eatre applicables.<\/p>\n\n\n\n<hr class=\"wp-block-separator has-alpha-channel-opacity\" \/>\n\n\n\n<h2 class=\"wp-block-heading\"><strong>5. Pr\u00e9cision des mat\u00e9riaux<\/strong><\/h2>\n\n\n\n<p>Les informations figurant sur le site web de Risevian peuvent contenir des erreurs techniques, typographiques ou photographiques. Risevian ne garantit pas l&#039;exactitude, l&#039;exhaustivit\u00e9 ni l&#039;actualit\u00e9 des informations pr\u00e9sentes sur son site web. Risevian se r\u00e9serve le droit de modifier ces informations \u00e0 tout moment et sans pr\u00e9avis. Toutefois, Risevian ne s&#039;engage pas \u00e0 les mettre \u00e0 jour.<\/p>\n\n\n\n<hr class=\"wp-block-separator has-alpha-channel-opacity\" \/>\n\n\n\n<h2 class=\"wp-block-heading\"><strong>6. Liens<\/strong><\/h2>\n\n\n\n<p>Risevian n&#039;a pas examin\u00e9 tous les sites externes li\u00e9s \u00e0 sa plateforme et d\u00e9cline toute responsabilit\u00e9 quant \u00e0 leur contenu. L&#039;inclusion d&#039;un lien n&#039;implique aucune approbation de la part de Risevian. L&#039;utilisation de tout site web li\u00e9 se fait aux risques et p\u00e9rils de l&#039;utilisateur.<\/p>\n\n\n\n<hr class=\"wp-block-separator has-alpha-channel-opacity\" \/>\n\n\n\n<h2 class=\"wp-block-heading\"><strong>7. Modifications<\/strong><\/h2>\n\n\n\n<p>Risevian peut modifier les pr\u00e9sentes Conditions d&#039;utilisation \u00e0 tout moment et sans pr\u00e9avis. En utilisant ce site web, vous acceptez d&#039;\u00eatre li\u00e9 par la version en vigueur de ces conditions.<\/p>\n\n\n\n<hr class=\"wp-block-separator has-alpha-channel-opacity\" \/>\n\n\n\n<h2 class=\"wp-block-heading\"><strong>8. Droit applicable<\/strong><\/h2>\n\n\n\n<p>Les pr\u00e9sentes conditions g\u00e9n\u00e9rales sont r\u00e9gies et interpr\u00e9t\u00e9es conform\u00e9ment aux lois applicables des \u00c9tats-Unis, et vous vous soumettez irr\u00e9vocablement \u00e0 la comp\u00e9tence exclusive des tribunaux de cet \u00c9tat ou de ce lieu.<\/p>","protected":false},"excerpt":{"rendered":"<p>By accessing the website at Risevian, you are agreeing to be bound by these Terms of Service, all applicable laws and regulations, and you agree that you are responsible for compliance with any relevant laws of the USA. If you do not agree with any of these terms, you are prohibited from using or accessing [&hellip;]<\/p>","protected":false},"author":250,"featured_media":0,"parent":0,"menu_order":0,"comment_status":"closed","ping_status":"closed","template":"","meta":{"footnotes":""},"_links":{"self":[{"href":"https:\/\/risevian.com\/fr\/wp-json\/wp\/v2\/pages\/21"}],"collection":[{"href":"https:\/\/risevian.com\/fr\/wp-json\/wp\/v2\/pages"}],"about":[{"href":"https:\/\/risevian.com\/fr\/wp-json\/wp\/v2\/types\/page"}],"author":[{"embeddable":true,"href":"https:\/\/risevian.com\/fr\/wp-json\/wp\/v2\/users\/250"}],"replies":[{"embeddable":true,"href":"https:\/\/risevian.com\/fr\/wp-json\/wp\/v2\/comments?post=21"}],"version-history":[{"count":3,"href":"https:\/\/risevian.com\/fr\/wp-json\/wp\/v2\/pages\/21\/revisions"}],"predecessor-version":[{"id":1026,"href":"https:\/\/risevian.com\/fr\/wp-json\/wp\/v2\/pages\/21\/revisions\/1026"}],"wp:attachment":[{"href":"https:\/\/risevian.com\/fr\/wp-json\/wp\/v2\/media?parent=21"}],"curies":[{"name":"wp","href":"https:\/\/api.w.org\/{rel}","templated":true}]}}