    {"id":8,"date":"2025-11-29T14:31:14","date_gmt":"2025-11-29T14:31:14","guid":{"rendered":"https:\/\/risevian.com\/?page_id=8"},"modified":"2025-12-25T20:46:14","modified_gmt":"2025-12-25T20:46:14","slug":"privacy-policy","status":"publish","type":"page","link":"https:\/\/risevian.com\/es_mx\/privacy-policy\/","title":{"rendered":"pol\u00edtica de privacidad"},"content":{"rendered":"<p><\/p>\n\n\n\n<p><\/p>\n\n\n\n<p>Su privacidad es importante para nosotros. <strong>Risevian<\/strong> pol\u00edtica de respeto a su privacidad con respecto a cualquier informaci\u00f3n que podamos recopilar de usted a trav\u00e9s de nuestro sitio web, <strong>Risevian<\/strong>y otros sitios que poseemos y operamos.<\/p>\n\n\n\n<p>Solo solicitamos informaci\u00f3n personal cuando realmente la necesitamos para brindarle un servicio. La recopilamos de forma justa y legal, con su conocimiento y consentimiento. Adem\u00e1s, nos aseguramos de que comprenda por qu\u00e9 la recopilamos y c\u00f3mo se utilizar\u00e1.<\/p>\n\n\n\n<p>Solo conservamos la informaci\u00f3n recopilada durante el tiempo necesario para brindarle el servicio solicitado. Todos los datos que almacenamos est\u00e1n protegidos mediante m\u00e9todos comercialmente aceptables para evitar su p\u00e9rdida, robo, acceso no autorizado, divulgaci\u00f3n, copia, uso o modificaci\u00f3n.<\/p>\n\n\n\n<p>No compartimos informaci\u00f3n personal identificativa p\u00fablicamente ni con terceros, excepto cuando la ley as\u00ed lo exige.<\/p>\n\n\n\n<p>Nuestro sitio web puede contener enlaces a sitios externos que no gestionamos. Tenga en cuenta que no tenemos control sobre el contenido, las pol\u00edticas ni las pr\u00e1cticas de estos sitios web externos, y no nos hacemos responsables de sus respectivas pol\u00edticas de privacidad.<\/p>\n\n\n\n<p>Usted es libre de rechazar nuestra solicitud de informaci\u00f3n personal, entendiendo que, en ese caso, es posible que no podamos brindarle algunos de los servicios que desea.<\/p>\n\n\n\n<p>El uso continuado de nuestro sitio web implica la aceptaci\u00f3n de nuestras pr\u00e1cticas en materia de privacidad y datos personales. Si tiene alguna pregunta sobre c\u00f3mo gestionamos la informaci\u00f3n de los usuarios, no dude en contactarnos en cualquier momento.<\/p>\n\n\n\n<hr class=\"wp-block-separator has-alpha-channel-opacity\" \/>\n\n\n\n<h1 class=\"wp-block-heading\"><strong>Pol\u00edtica de cookies de Risevian<\/strong><\/h1>\n\n\n\n<p>Esta es la Pol\u00edtica de cookies para <strong>Risevian<\/strong>, accesible desde la URL de nuestro sitio web oficial.<\/p>\n\n\n\n<h2 class=\"wp-block-heading\"><strong>\u00bfQu\u00e9 son las cookies?<\/strong><\/h2>\n\n\n\n<p>Como es pr\u00e1ctica habitual en casi todos los sitios web profesionales, este sitio utiliza cookies (peque\u00f1os archivos de texto que se descargan en su dispositivo) para mejorar su experiencia de navegaci\u00f3n. Esta p\u00e1gina explica qu\u00e9 informaci\u00f3n recopilan estas cookies, c\u00f3mo las utilizamos y por qu\u00e9 a veces necesitamos almacenarlas. Tambi\u00e9n le explicaremos c\u00f3mo puede evitar que se almacenen estas cookies, aunque deshabilitarlas podr\u00eda afectar a algunas funcionalidades del sitio.<\/p>\n\n\n\n<hr class=\"wp-block-separator has-alpha-channel-opacity\" \/>\n\n\n\n<h1 class=\"wp-block-heading\"><strong>C\u00f3mo utilizamos las cookies<\/strong><\/h1>\n\n\n\n<p>Utilizamos cookies por diversas razones que se detallan a continuaci\u00f3n. Lamentablemente, en la mayor\u00eda de los casos, no existen opciones est\u00e1ndar para desactivar las cookies sin deshabilitar por completo las funciones que aportan al sitio. Se recomienda mantener todas las cookies habilitadas a menos que est\u00e9 seguro de que no las necesita.<\/p>\n\n\n\n<hr class=\"wp-block-separator has-alpha-channel-opacity\" \/>\n\n\n\n<h1 class=\"wp-block-heading\"><strong>Deshabilitar las cookies<\/strong><\/h1>\n\n\n\n<p>Puedes impedir que se instalen cookies ajustando la configuraci\u00f3n de tu navegador (consulta el men\u00fa de Ayuda de tu navegador para obtener instrucciones). Sin embargo, ten en cuenta que deshabilitar las cookies puede afectar el funcionamiento de este y otros sitios web que visites. Deshabilitar las cookies suele provocar la p\u00e9rdida de ciertas funciones o un funcionamiento deficiente. Por lo tanto, se recomienda no deshabilitarlas.<\/p>\n\n\n\n<hr class=\"wp-block-separator has-alpha-channel-opacity\" \/>\n\n\n\n<h1 class=\"wp-block-heading\"><strong>Las cookies que configuramos<\/strong><\/h1>\n\n\n\n<h3 class=\"wp-block-heading\"><strong>Cookies relacionadas con la cuenta<\/strong><\/h3>\n\n\n\n<p>Si creas una cuenta con nosotros, utilizamos cookies para gestionar el proceso de registro y la administraci\u00f3n general. Estas cookies se eliminan normalmente al cerrar sesi\u00f3n; sin embargo, en algunos casos, pueden permanecer para recordar tus preferencias incluso despu\u00e9s de cerrar sesi\u00f3n.<\/p>\n\n\n\n<h3 class=\"wp-block-heading\"><strong>Cookies relacionadas con el inicio de sesi\u00f3n<\/strong><\/h3>\n\n\n\n<p>Utilizamos cookies cuando inicias sesi\u00f3n para recordar que has iniciado sesi\u00f3n. As\u00ed, no tendr\u00e1s que volver a iniciar sesi\u00f3n cada vez que visites una p\u00e1gina nueva. Estas cookies se eliminan al cerrar sesi\u00f3n para garantizar que las funciones restringidas solo est\u00e9n disponibles cuando hayas iniciado sesi\u00f3n.<\/p>\n\n\n\n<h3 class=\"wp-block-heading\"><strong>Cookies del bolet\u00edn informativo por correo electr\u00f3nico<\/strong><\/h3>\n\n\n\n<p>Este sitio web ofrece servicios de suscripci\u00f3n a boletines informativos o correos electr\u00f3nicos. Se pueden usar cookies para recordar si ya est\u00e1 registrado y para mostrar ciertas notificaciones relevantes solo para usuarios suscritos o no suscritos.<\/p>\n\n\n\n<h3 class=\"wp-block-heading\"><strong>Cookies de procesamiento de pedidos<\/strong><\/h3>\n\n\n\n<p>Si este sitio web ofrece funciones de comercio electr\u00f3nico o pago, las cookies son esenciales para garantizar que su pedido se recuerde entre p\u00e1ginas, lo que nos permite procesarlo correctamente.<\/p>\n\n\n\n<h3 class=\"wp-block-heading\"><strong>Cookies de encuesta<\/strong><\/h3>\n\n\n\n<p>De vez en cuando, realizamos encuestas o cuestionarios a los usuarios para obtener informaci\u00f3n, herramientas o recabar comentarios \u00fatiles. Es posible que utilicemos cookies para recordar qui\u00e9n ya ha participado o para guardar sus respuestas mientras navega.<\/p>\n\n\n\n<h3 class=\"wp-block-heading\"><strong>Cookies relacionadas con formularios<\/strong><\/h3>\n\n\n\n<p>Cuando usted env\u00eda informaci\u00f3n a trav\u00e9s de formularios, como p\u00e1ginas de contacto o formularios de comentarios, se pueden configurar cookies para recordar sus datos de usuario para futuras comunicaciones.<\/p>\n\n\n\n<h3 class=\"wp-block-heading\"><strong>Cookies de preferencias del sitio<\/strong><\/h3>\n\n\n\n<p>Para ofrecerte una experiencia personalizada, te permitimos configurar tus preferencias sobre el funcionamiento del sitio. Las cookies ayudan a recordar estas configuraciones para que se apliquen cada vez que interact\u00faes con contenido afectado por tus preferencias.<\/p>\n\n\n\n<h2 class=\"wp-block-heading\"><strong>Cookies de terceros<\/strong><\/h2>\n\n\n\n<p>En algunos casos especiales, tambi\u00e9n utilizamos cookies proporcionadas por terceros de confianza. La siguiente secci\u00f3n describe las cookies de terceros que podr\u00eda encontrar al navegar por nuestro sitio.<\/p>\n\n\n\n<h3 class=\"wp-block-heading\"><strong>Google Analytics<\/strong><\/h3>\n\n\n\n<p>Este sitio utiliza <strong>Google Analytics<\/strong>, una de las herramientas de an\u00e1lisis m\u00e1s fiables de internet. Estas cookies nos ayudan a comprender c\u00f3mo los visitantes utilizan el sitio y c\u00f3mo podemos mejorar su experiencia. Las cookies pueden rastrear informaci\u00f3n como el tiempo de permanencia en el sitio, las p\u00e1ginas visitadas, los patrones de navegaci\u00f3n y mucho m\u00e1s.<\/p>\n\n\n\n<p>Para obtener m\u00e1s detalles, puede consultar la documentaci\u00f3n oficial de Google Analytics.<\/p>\n\n\n\n<h3 class=\"wp-block-heading\"><strong>An\u00e1lisis de terceros<\/strong><\/h3>\n\n\n\n<p>Podemos utilizar herramientas de an\u00e1lisis de terceros adicionales para rastrear y medir el uso de este sitio web, lo que nos permite seguir produciendo contenido de calidad y mejorar la experiencia del usuario.<\/p>\n\n\n\n<h3 class=\"wp-block-heading\"><strong>Cookies de prueba de funcionalidades<\/strong><\/h3>\n\n\n\n<p>Ocasionalmente, probamos nuevas funciones y realizamos peque\u00f1os cambios en la forma en que se presenta el sitio. Durante las pruebas, podemos usar cookies para garantizar una experiencia consistente y, al mismo tiempo, comprender qu\u00e9 optimizaciones aprecian m\u00e1s los usuarios.<\/p>\n\n\n\n<h3 class=\"wp-block-heading\"><strong>Cookies de seguimiento de comercio electr\u00f3nico<\/strong><\/h3>\n\n\n\n<p>Si vendemos productos o servicios, las cookies nos ayudan a comprender los patrones de compra. Estos datos nos permiten analizar el rendimiento, la publicidad y el desarrollo de productos.<\/p>\n\n\n\n<h3 class=\"wp-block-heading\"><strong>Cookies de redes sociales<\/strong><\/h3>\n\n\n\n<p>Podemos incluir botones o complementos de redes sociales (como Facebook, Instagram, Twitter, Pinterest, etc.) que te permiten conectarte con tus redes sociales. Estas plataformas pueden instalar cookies a trav\u00e9s de nuestro sitio para mejorar tu perfil o aportar datos para sus propios an\u00e1lisis, de acuerdo con sus respectivas pol\u00edticas de privacidad.<\/p>\n\n\n\n<hr class=\"wp-block-separator has-alpha-channel-opacity\" \/>\n\n\n\n<h3 class=\"wp-block-heading\"><strong>Publicidad y opci\u00f3n de exclusi\u00f3n<\/strong><\/h3>\n\n\n\n<p>Utilizamos Google AdX y otros socios publicitarios para mostrar anuncios a los usuarios.<\/p>\n\n\n\n<p>Google y sus socios pueden utilizar cookies y tecnolog\u00edas similares para personalizar los anuncios en funci\u00f3n de los intereses del usuario y su comportamiento de navegaci\u00f3n.<\/p>\n\n\n\n<p>Los usuarios pueden gestionar o desactivar la publicidad personalizada visitando las siguientes p\u00e1ginas oficiales de Google: <a href=\"https:\/\/myadcenter.google.com\/home?sasb=true&amp;ref=ad-settings\" target=\"_blank\" rel=\"noreferrer noopener\">Configuraci\u00f3n de anuncios de Google<\/a> y <a href=\"https:\/\/myadcenter.google.com\/home\" target=\"_blank\" rel=\"noreferrer noopener\">Centro de anuncios de Google My<\/a><\/p>\n\n\n\n<p>Puedes desactivar la publicidad personalizada en cualquier momento utilizando estas herramientas.<\/p>\n\n\n\n<h1 class=\"wp-block-heading\"><strong>M\u00e1s informaci\u00f3n<\/strong><\/h1>\n\n\n\n<p>Esperamos que esta pol\u00edtica haya aclarado todas sus dudas. Como se mencion\u00f3 anteriormente, si no est\u00e1 seguro de si necesita ciertas cookies, generalmente es m\u00e1s seguro dejarlas habilitadas para evitar que se vean afectadas las funciones principales del sitio.<\/p>\n\n\n\n<p>Esta pol\u00edtica entra en vigor a partir de <strong>Noviembre de 2025<\/strong>.<\/p>","protected":false},"excerpt":{"rendered":"<p>Su privacidad es importante para nosotros. La pol\u00edtica de Risevian es respetar su privacidad con respecto a cualquier informaci\u00f3n que podamos recopilar de usted a trav\u00e9s de nuestro sitio web, Risevian, y otros sitios que poseemos y operamos. Solo solicitamos informaci\u00f3n personal cuando realmente la necesitamos para brindarle un servicio. La recopilamos de manera justa [\u2026]<\/p>","protected":false},"author":250,"featured_media":0,"parent":0,"menu_order":0,"comment_status":"closed","ping_status":"closed","template":"","meta":{"footnotes":""},"_links":{"self":[{"href":"https:\/\/risevian.com\/es_mx\/wp-json\/wp\/v2\/pages\/8"}],"collection":[{"href":"https:\/\/risevian.com\/es_mx\/wp-json\/wp\/v2\/pages"}],"about":[{"href":"https:\/\/risevian.com\/es_mx\/wp-json\/wp\/v2\/types\/page"}],"author":[{"embeddable":true,"href":"https:\/\/risevian.com\/es_mx\/wp-json\/wp\/v2\/users\/250"}],"replies":[{"embeddable":true,"href":"https:\/\/risevian.com\/es_mx\/wp-json\/wp\/v2\/comments?post=8"}],"version-history":[{"count":5,"href":"https:\/\/risevian.com\/es_mx\/wp-json\/wp\/v2\/pages\/8\/revisions"}],"predecessor-version":[{"id":542,"href":"https:\/\/risevian.com\/es_mx\/wp-json\/wp\/v2\/pages\/8\/revisions\/542"}],"wp:attachment":[{"href":"https:\/\/risevian.com\/es_mx\/wp-json\/wp\/v2\/media?parent=8"}],"curies":[{"name":"wp","href":"https:\/\/api.w.org\/{rel}","templated":true}]}}