    {"id":21,"date":"2025-11-29T14:49:41","date_gmt":"2025-11-29T14:49:41","guid":{"rendered":"https:\/\/risevian.com\/?page_id=21"},"modified":"2026-02-09T18:51:27","modified_gmt":"2026-02-09T18:51:27","slug":"terms-of-service","status":"publish","type":"page","link":"https:\/\/risevian.com\/es_mx\/terms-of-service\/","title":{"rendered":"Condiciones de servicio"},"content":{"rendered":"<p><\/p>\n\n\n\n<p>Al acceder al sitio web en <strong>Risevian<\/strong>Al utilizar este sitio web, usted acepta estar sujeto a estos T\u00e9rminos de Servicio, a todas las leyes y regulaciones aplicables, y reconoce que es responsable del cumplimiento de las leyes pertinentes de los Estados Unidos. Si no est\u00e1 de acuerdo con alguno de estos t\u00e9rminos, tiene prohibido usar o acceder a este sitio. El material contenido en este sitio web est\u00e1 protegido por las leyes de derechos de autor y marcas registradas aplicables.<\/p>\n\n\n\n<hr class=\"wp-block-separator has-alpha-channel-opacity\" \/>\n\n\n\n<h2 class=\"wp-block-heading\"><strong>2. Licencia de uso<\/strong><\/h2>\n\n\n\n<p>Se concede permiso para descargar temporalmente una copia de los materiales (informaci\u00f3n o software) del sitio web de Risevian \u00fanicamente para uso personal, no comercial y de visualizaci\u00f3n transitoria. Esto constituye una licencia, no una transferencia de propiedad, y bajo esta licencia usted no podr\u00e1:<\/p>\n\n\n\n<ul>\n<li>Modificar o copiar los materiales;<\/li>\n\n\n\n<li>No utilice los materiales para ning\u00fan fin comercial ni para ninguna exhibici\u00f3n p\u00fablica (comercial o no comercial);<\/li>\n\n\n\n<li>Intentar descompilar o aplicar ingenier\u00eda inversa a cualquier software contenido en el sitio web de Risevian;<\/li>\n\n\n\n<li>Elimine cualquier aviso de derechos de autor u otras indicaciones de propiedad de los materiales;<\/li>\n\n\n\n<li>Transfiera los materiales a otra persona o \u201creproduzca\u201d los materiales en cualquier otro servidor.<\/li>\n<\/ul>\n\n\n\n<p>Esta licencia quedar\u00e1 autom\u00e1ticamente sin efecto si usted incumple cualquiera de estas restricciones y Risevian podr\u00e1 rescindirla en cualquier momento. Al finalizar esta licencia o al terminar de visualizar los materiales, deber\u00e1 destruir cualquier material descargado que obre en su poder, ya sea en formato electr\u00f3nico o impreso.<\/p>\n\n\n\n<hr class=\"wp-block-separator has-alpha-channel-opacity\" \/>\n\n\n\n<h2 class=\"wp-block-heading\"><strong>3. Descargo de responsabilidad<\/strong><\/h2>\n\n\n\n<p>El material del sitio web de Risevian se proporciona \u00abtal cual\u00bb. Risevian no ofrece garant\u00edas, ni expresas ni impl\u00edcitas, y por la presente renuncia y niega todas las dem\u00e1s garant\u00edas, incluidas, entre otras, las garant\u00edas o condiciones impl\u00edcitas de comerciabilidad, idoneidad para un prop\u00f3sito particular y no infracci\u00f3n de la propiedad intelectual u otra violaci\u00f3n de derechos.<\/p>\n\n\n\n<p>Adem\u00e1s, Risevian no garantiza ni realiza ninguna declaraci\u00f3n con respecto a la exactitud, los resultados probables o la fiabilidad del uso de los materiales en su sitio web o relacionados de cualquier otra manera con dichos materiales o cualquier sitio vinculado a este sitio.<\/p>\n\n\n\n<hr class=\"wp-block-separator has-alpha-channel-opacity\" \/>\n\n\n\n<h2 class=\"wp-block-heading\"><strong>4. Limitaciones<\/strong><\/h2>\n\n\n\n<p>En ning\u00fan caso Risevian ni sus proveedores ser\u00e1n responsables de da\u00f1os y perjuicios (incluidos, entre otros, da\u00f1os por p\u00e9rdida de datos o beneficios, o por interrupci\u00f3n de la actividad comercial) derivados del uso o la imposibilidad de usar los materiales del sitio web de Risevian, incluso si Risevian o un representante autorizado han sido notificados verbalmente o por escrito de la posibilidad de tales da\u00f1os. Algunas jurisdicciones no permiten limitaciones en las garant\u00edas impl\u00edcitas ni en la responsabilidad por da\u00f1os consecuenciales o incidentales, por lo que estas limitaciones podr\u00edan no aplicarse en su caso.<\/p>\n\n\n\n<hr class=\"wp-block-separator has-alpha-channel-opacity\" \/>\n\n\n\n<h2 class=\"wp-block-heading\"><strong>5. Precisi\u00f3n de los materiales<\/strong><\/h2>\n\n\n\n<p>El material publicado en el sitio web de Risevian puede contener errores t\u00e9cnicos, tipogr\u00e1ficos o fotogr\u00e1ficos. Risevian no garantiza la exactitud, integridad ni actualidad del material publicado en su sitio web. Risevian se reserva el derecho de modificar el material publicado en su sitio web en cualquier momento y sin previo aviso. Sin embargo, Risevian no se compromete a actualizar dicho material.<\/p>\n\n\n\n<hr class=\"wp-block-separator has-alpha-channel-opacity\" \/>\n\n\n\n<h2 class=\"wp-block-heading\"><strong>6. Enlaces<\/strong><\/h2>\n\n\n\n<p>Risevian no ha revisado todos los sitios externos enlazados desde su plataforma y no se responsabiliza del contenido de dichos sitios. La inclusi\u00f3n de un enlace no implica el respaldo de Risevian. El uso de cualquier sitio web enlazado queda a cargo del usuario.<\/p>\n\n\n\n<hr class=\"wp-block-separator has-alpha-channel-opacity\" \/>\n\n\n\n<h2 class=\"wp-block-heading\"><strong>7. Modificaciones<\/strong><\/h2>\n\n\n\n<p>Risevian podr\u00e1 modificar estas Condiciones del servicio en cualquier momento sin previo aviso. Al utilizar este sitio web, usted acepta regirse por la versi\u00f3n vigente de estas condiciones.<\/p>\n\n\n\n<hr class=\"wp-block-separator has-alpha-channel-opacity\" \/>\n\n\n\n<h2 class=\"wp-block-heading\"><strong>8. Ley aplicable<\/strong><\/h2>\n\n\n\n<p>Estos T\u00e9rminos y Condiciones se rigen e interpretan de conformidad con las leyes aplicables de los EE. UU., y usted se somete irrevocablemente a la jurisdicci\u00f3n exclusiva de los tribunales de ese estado o localidad.<\/p>","protected":false},"excerpt":{"rendered":"<p>By accessing the website at Risevian, you are agreeing to be bound by these Terms of Service, all applicable laws and regulations, and you agree that you are responsible for compliance with any relevant laws of the USA. If you do not agree with any of these terms, you are prohibited from using or accessing [&hellip;]<\/p>","protected":false},"author":250,"featured_media":0,"parent":0,"menu_order":0,"comment_status":"closed","ping_status":"closed","template":"","meta":{"footnotes":""},"_links":{"self":[{"href":"https:\/\/risevian.com\/es_mx\/wp-json\/wp\/v2\/pages\/21"}],"collection":[{"href":"https:\/\/risevian.com\/es_mx\/wp-json\/wp\/v2\/pages"}],"about":[{"href":"https:\/\/risevian.com\/es_mx\/wp-json\/wp\/v2\/types\/page"}],"author":[{"embeddable":true,"href":"https:\/\/risevian.com\/es_mx\/wp-json\/wp\/v2\/users\/250"}],"replies":[{"embeddable":true,"href":"https:\/\/risevian.com\/es_mx\/wp-json\/wp\/v2\/comments?post=21"}],"version-history":[{"count":3,"href":"https:\/\/risevian.com\/es_mx\/wp-json\/wp\/v2\/pages\/21\/revisions"}],"predecessor-version":[{"id":1026,"href":"https:\/\/risevian.com\/es_mx\/wp-json\/wp\/v2\/pages\/21\/revisions\/1026"}],"wp:attachment":[{"href":"https:\/\/risevian.com\/es_mx\/wp-json\/wp\/v2\/media?parent=21"}],"curies":[{"name":"wp","href":"https:\/\/api.w.org\/{rel}","templated":true}]}}