    {"id":8,"date":"2025-11-29T14:31:14","date_gmt":"2025-11-29T14:31:14","guid":{"rendered":"https:\/\/risevian.com\/?page_id=8"},"modified":"2025-12-25T20:46:14","modified_gmt":"2025-12-25T20:46:14","slug":"privacy-policy","status":"publish","type":"page","link":"https:\/\/risevian.com\/es\/privacy-policy\/","title":{"rendered":"pol\u00edtica de privacidad"},"content":{"rendered":"<p><\/p>\n\n\n\n<p><\/p>\n\n\n\n<p>Su privacidad es importante para nosotros. Es <strong>De Risevian<\/strong> pol\u00edtica de respetar su privacidad con respecto a cualquier informaci\u00f3n que podamos recopilar de usted a trav\u00e9s de nuestro sitio web, <strong>Risevian<\/strong>y otros sitios que poseemos y operamos.<\/p>\n\n\n\n<p>Solo solicitamos informaci\u00f3n personal cuando realmente la necesitamos para prestarle un servicio. La recopilamos por medios justos y l\u00edcitos, con su conocimiento y consentimiento. Tambi\u00e9n nos aseguramos de que comprenda por qu\u00e9 la recopilamos y c\u00f3mo la utilizaremos.<\/p>\n\n\n\n<p>Solo conservamos la informaci\u00f3n recopilada el tiempo necesario para brindarle el servicio solicitado. Todos los datos que almacenamos est\u00e1n protegidos mediante m\u00e9todos comercialmente aceptables para evitar p\u00e9rdidas, robos, accesos no autorizados, divulgaciones, copias, usos o modificaciones.<\/p>\n\n\n\n<p>No compartimos informaci\u00f3n de identificaci\u00f3n personal p\u00fablicamente ni con terceros, excepto cuando la ley lo exige.<\/p>\n\n\n\n<p>Nuestro sitio web puede contener enlaces a sitios externos que no operamos. Tenga en cuenta que no tenemos control sobre el contenido, las pol\u00edticas ni las pr\u00e1cticas de estos sitios web externos, y no nos responsabilizamos de sus respectivas protecciones de privacidad.<\/p>\n\n\n\n<p>Usted es libre de rechazar nuestra solicitud de informaci\u00f3n personal, con el entendimiento de que es posible que no podamos brindarle algunos de los servicios deseados.<\/p>\n\n\n\n<p>Su uso continuado de nuestro sitio web se considerar\u00e1 como la aceptaci\u00f3n de nuestras pr\u00e1cticas de privacidad y datos personales. Si tiene alguna pregunta sobre c\u00f3mo gestionamos la informaci\u00f3n de nuestros usuarios, no dude en contactarnos en cualquier momento.<\/p>\n\n\n\n<hr class=\"wp-block-separator has-alpha-channel-opacity\" \/>\n\n\n\n<h1 class=\"wp-block-heading\"><strong>Pol\u00edtica de cookies de Risevian<\/strong><\/h1>\n\n\n\n<p>Esta es la Pol\u00edtica de Cookies para <strong>Risevian<\/strong>, accesible desde la URL de nuestro sitio web oficial.<\/p>\n\n\n\n<h2 class=\"wp-block-heading\"><strong>\u00bfQu\u00e9 son las cookies?<\/strong><\/h2>\n\n\n\n<p>Como es habitual en casi todos los sitios web profesionales, este sitio utiliza cookies (peque\u00f1os archivos de texto que se descargan en su dispositivo) para mejorar su experiencia de navegaci\u00f3n. Esta p\u00e1gina explica qu\u00e9 informaci\u00f3n recopilan estas cookies, c\u00f3mo las usamos y por qu\u00e9 a veces necesitamos almacenarlas. Tambi\u00e9n le explicaremos c\u00f3mo puede evitar que se almacenen, aunque desactivarlas puede afectar a ciertas funcionalidades del sitio.<\/p>\n\n\n\n<hr class=\"wp-block-separator has-alpha-channel-opacity\" \/>\n\n\n\n<h1 class=\"wp-block-heading\"><strong>C\u00f3mo utilizamos las cookies<\/strong><\/h1>\n\n\n\n<p>Utilizamos cookies por diversas razones que se detallan a continuaci\u00f3n. Lamentablemente, en la mayor\u00eda de los casos, no existen opciones est\u00e1ndar en la industria para deshabilitar las cookies sin deshabilitar por completo las funciones que a\u00f1aden al sitio. Se recomienda dejar todas las cookies habilitadas a menos que est\u00e9 seguro de no necesitarlas.<\/p>\n\n\n\n<hr class=\"wp-block-separator has-alpha-channel-opacity\" \/>\n\n\n\n<h1 class=\"wp-block-heading\"><strong>Desactivaci\u00f3n de cookies<\/strong><\/h1>\n\n\n\n<p>Puede evitar la instalaci\u00f3n de cookies configurando su navegador (consulte el men\u00fa de Ayuda para obtener instrucciones). Sin embargo, tenga en cuenta que deshabilitar las cookies puede afectar la funcionalidad de este y otros sitios web que visite. Deshabilitar las cookies suele provocar la p\u00e9rdida de ciertas funciones o la interrupci\u00f3n de algunas funciones. Por lo tanto, se recomienda no deshabilitar las cookies.<\/p>\n\n\n\n<hr class=\"wp-block-separator has-alpha-channel-opacity\" \/>\n\n\n\n<h1 class=\"wp-block-heading\"><strong>Las cookies que configuramos<\/strong><\/h1>\n\n\n\n<h3 class=\"wp-block-heading\"><strong>Cookies relacionadas con la cuenta<\/strong><\/h3>\n\n\n\n<p>Si crea una cuenta con nosotros, utilizaremos cookies para gestionar el proceso de registro y la administraci\u00f3n general. Estas cookies suelen eliminarse al cerrar sesi\u00f3n; sin embargo, en algunos casos, pueden permanecer para recordar sus preferencias al cerrar sesi\u00f3n.<\/p>\n\n\n\n<h3 class=\"wp-block-heading\"><strong>Cookies relacionadas con el inicio de sesi\u00f3n<\/strong><\/h3>\n\n\n\n<p>Usamos cookies cuando inicia sesi\u00f3n para recordarlo. Esto le evita tener que iniciar sesi\u00f3n cada vez que visita una p\u00e1gina nueva. Estas cookies se borran al cerrar sesi\u00f3n para garantizar que las funciones restringidas solo sean accesibles mientras est\u00e9 conectado.<\/p>\n\n\n\n<h3 class=\"wp-block-heading\"><strong>Cookies del bolet\u00edn informativo por correo electr\u00f3nico<\/strong><\/h3>\n\n\n\n<p>Este sitio web ofrece servicios de suscripci\u00f3n a boletines informativos o correos electr\u00f3nicos. Las cookies pueden utilizarse para recordar si ya est\u00e1 registrado y para mostrar notificaciones relevantes solo para usuarios suscritos o no suscritos.<\/p>\n\n\n\n<h3 class=\"wp-block-heading\"><strong>Cookies de procesamiento de pedidos<\/strong><\/h3>\n\n\n\n<p>Si este sitio web ofrece funciones de comercio electr\u00f3nico o de pago, las cookies son esenciales para garantizar que su pedido se recuerde entre p\u00e1ginas, lo que nos permite procesarlo correctamente.<\/p>\n\n\n\n<h3 class=\"wp-block-heading\"><strong>Cookies de encuesta<\/strong><\/h3>\n\n\n\n<p>De vez en cuando, ofrecemos encuestas o cuestionarios a nuestros usuarios para proporcionar informaci\u00f3n, herramientas o recopilar comentarios \u00fatiles. Las cookies pueden utilizarse para recordar qui\u00e9n ya ha participado o para guardar sus respuestas mientras navega.<\/p>\n\n\n\n<h3 class=\"wp-block-heading\"><strong>Cookies relacionadas con formularios<\/strong><\/h3>\n\n\n\n<p>Cuando env\u00eda informaci\u00f3n a trav\u00e9s de formularios, como p\u00e1ginas de contacto o formularios de comentarios, se pueden configurar cookies para recordar sus datos de usuario para correspondencia futura.<\/p>\n\n\n\n<h3 class=\"wp-block-heading\"><strong>Cookies de preferencia del sitio<\/strong><\/h3>\n\n\n\n<p>Para brindarte una experiencia personalizada, te permitimos configurar tus preferencias sobre el funcionamiento del sitio. Las cookies ayudan a recordar estas configuraciones para que se apliquen siempre que interact\u00faes con contenido afectado por tus preferencias.<\/p>\n\n\n\n<h2 class=\"wp-block-heading\"><strong>Cookies de terceros<\/strong><\/h2>\n\n\n\n<p>En algunos casos especiales, tambi\u00e9n utilizamos cookies proporcionadas por terceros de confianza. La siguiente secci\u00f3n describe las cookies de terceros que podr\u00eda encontrar al navegar por nuestro sitio.<\/p>\n\n\n\n<h3 class=\"wp-block-heading\"><strong>Google Analytics<\/strong><\/h3>\n\n\n\n<p>Este sitio utiliza <strong>Google Analytics<\/strong>, una de las herramientas de an\u00e1lisis m\u00e1s confiables de internet. Estas cookies nos ayudan a comprender c\u00f3mo los visitantes usan el sitio y c\u00f3mo podemos mejorar su experiencia. Las cookies pueden rastrear elementos como el tiempo de permanencia en el sitio, las p\u00e1ginas visitadas, los patrones de navegaci\u00f3n y m\u00e1s.<\/p>\n\n\n\n<p>Para obtener m\u00e1s detalles, puede consultar la documentaci\u00f3n oficial de Google Analytics.<\/p>\n\n\n\n<h3 class=\"wp-block-heading\"><strong>An\u00e1lisis de terceros<\/strong><\/h3>\n\n\n\n<p>Podemos utilizar herramientas de an\u00e1lisis adicionales de terceros para rastrear y medir el uso de este sitio web, lo que nos permite seguir produciendo contenido de calidad y mejorar la experiencia del usuario.<\/p>\n\n\n\n<h3 class=\"wp-block-heading\"><strong>Cookies de prueba de funciones<\/strong><\/h3>\n\n\n\n<p>Ocasionalmente, probamos nuevas funciones y realizamos peque\u00f1os cambios en la presentaci\u00f3n del sitio. Es posible que utilicemos cookies durante las pruebas para garantizar una experiencia consistente y, al mismo tiempo, para comprender qu\u00e9 optimizaciones valoran m\u00e1s los usuarios.<\/p>\n\n\n\n<h3 class=\"wp-block-heading\"><strong>Cookies de seguimiento de comercio electr\u00f3nico<\/strong><\/h3>\n\n\n\n<p>Si vendemos productos o servicios, las cookies nos ayudan a comprender los patrones de compra. Estos datos nos permiten analizar el rendimiento, la publicidad y el desarrollo de productos.<\/p>\n\n\n\n<h3 class=\"wp-block-heading\"><strong>Cookies de redes sociales<\/strong><\/h3>\n\n\n\n<p>Podemos incluir botones o plugins de redes sociales (como Facebook, Instagram, Twitter, Pinterest, etc.) que le permitan conectarse con sus redes sociales. Estas plataformas pueden instalar cookies a trav\u00e9s de nuestro sitio para mejorar su perfil o aportar datos para sus propios an\u00e1lisis, de acuerdo con sus respectivas pol\u00edticas de privacidad.<\/p>\n\n\n\n<hr class=\"wp-block-separator has-alpha-channel-opacity\" \/>\n\n\n\n<h3 class=\"wp-block-heading\"><strong>Publicidad y exclusi\u00f3n voluntaria<\/strong><\/h3>\n\n\n\n<p>Utilizamos Google AdX y otros socios publicitarios para mostrar anuncios a los usuarios.<\/p>\n\n\n\n<p>Google y sus socios pueden utilizar cookies y tecnolog\u00edas similares para personalizar anuncios seg\u00fan los intereses del usuario y su comportamiento de navegaci\u00f3n.<\/p>\n\n\n\n<p>Los usuarios pueden administrar o deshabilitar la publicidad personalizada visitando las siguientes p\u00e1ginas oficiales de Google: <a href=\"https:\/\/myadcenter.google.com\/home?sasb=true&amp;ref=ad-settings\" target=\"_blank\" rel=\"noreferrer noopener\">Configuraci\u00f3n de anuncios de Google<\/a> y <a href=\"https:\/\/myadcenter.google.com\/home\" target=\"_blank\" rel=\"noreferrer noopener\">Centro de anuncios de Google<\/a><\/p>\n\n\n\n<p>Puede optar por no recibir publicidad personalizada en cualquier momento utilizando estas herramientas.<\/p>\n\n\n\n<h1 class=\"wp-block-heading\"><strong>M\u00e1s informaci\u00f3n<\/strong><\/h1>\n\n\n\n<p>Esperamos que esta pol\u00edtica te haya aclarado todo. Como se mencion\u00f3 anteriormente, si no est\u00e1s seguro de si necesitas ciertas cookies, generalmente es m\u00e1s seguro dejarlas activadas para evitar interrumpir las funciones principales del sitio.<\/p>\n\n\n\n<p>Esta pol\u00edtica entra en vigor a partir de <strong>Noviembre de 2025<\/strong>.<\/p>","protected":false},"excerpt":{"rendered":"<p>Su privacidad es importante para nosotros. La pol\u00edtica de Risevian es respetar su privacidad con respecto a cualquier informaci\u00f3n que recopilemos de usted en nuestro sitio web, Risevian y otros sitios web que poseemos y operamos. Solo solicitamos informaci\u00f3n personal cuando realmente la necesitamos para brindarle un servicio. La recopilamos mediante pr\u00e1cticas justas [\u2026]<\/p>","protected":false},"author":250,"featured_media":0,"parent":0,"menu_order":0,"comment_status":"closed","ping_status":"closed","template":"","meta":{"footnotes":""},"_links":{"self":[{"href":"https:\/\/risevian.com\/es\/wp-json\/wp\/v2\/pages\/8"}],"collection":[{"href":"https:\/\/risevian.com\/es\/wp-json\/wp\/v2\/pages"}],"about":[{"href":"https:\/\/risevian.com\/es\/wp-json\/wp\/v2\/types\/page"}],"author":[{"embeddable":true,"href":"https:\/\/risevian.com\/es\/wp-json\/wp\/v2\/users\/250"}],"replies":[{"embeddable":true,"href":"https:\/\/risevian.com\/es\/wp-json\/wp\/v2\/comments?post=8"}],"version-history":[{"count":5,"href":"https:\/\/risevian.com\/es\/wp-json\/wp\/v2\/pages\/8\/revisions"}],"predecessor-version":[{"id":542,"href":"https:\/\/risevian.com\/es\/wp-json\/wp\/v2\/pages\/8\/revisions\/542"}],"wp:attachment":[{"href":"https:\/\/risevian.com\/es\/wp-json\/wp\/v2\/media?parent=8"}],"curies":[{"name":"wp","href":"https:\/\/api.w.org\/{rel}","templated":true}]}}