    {"id":5,"date":"2025-11-29T14:30:20","date_gmt":"2025-11-29T14:30:20","guid":{"rendered":"https:\/\/risevian.com\/?page_id=5"},"modified":"2025-11-29T14:30:20","modified_gmt":"2025-11-29T14:30:20","slug":"about-us","status":"publish","type":"page","link":"https:\/\/risevian.com\/es\/about-us\/","title":{"rendered":"Sobre nosotros"},"content":{"rendered":"<p><\/p>\n\n\n\n<p>Bienvenido a <strong>Risevian<\/strong>, tu fuente de confianza para conocer las \u00faltimas perspectivas, avances y tendencias que definen el mundo digital actual. Nuestra misi\u00f3n es simple: ser tu principal fuente de informaci\u00f3n fiable sobre aplicaciones, tecnolog\u00eda, entretenimiento y servicios digitales cotidianos. Creemos en el poder del contenido bien elaborado para informar, inspirar y conectar a las personas. En Risevian, queremos que te sientas m\u00e1s conectado con el mundo en constante evoluci\u00f3n que te rodea, no solo entendiendo los hechos, sino tambi\u00e9n las ideas e innovaciones que transforman la vida moderna.<\/p>\n\n\n\n<h2 class=\"wp-block-heading\"><strong>Nuestra historia<\/strong><\/h2>\n\n\n\n<p>Risevian naci\u00f3 de la pasi\u00f3n de un grupo dedicado de creadores con mentalidad tecnol\u00f3gica que creen que la informaci\u00f3n de alta calidad tiene el poder de transformar la forma en que las personas aprenden, deciden y crecen. Desde el principio, nuestra misi\u00f3n ha sido construir un espacio donde los lectores puedan explorar contenido confiable, bien investigado y atractivo. Desde nuestra fundaci\u00f3n, nos hemos centrado continuamente en ofrecer art\u00edculos relevantes que mantengan a nuestra audiencia informada e inspirada por los \u00faltimos avances en tecnolog\u00eda y cultura digital.<\/p>\n\n\n\n<h2 class=\"wp-block-heading\"><strong>Nuestro equipo<\/strong><\/h2>\n\n\n\n<p>Nuestro equipo est\u00e1 compuesto por escritores, analistas y creadores expertos y entusiastas, especializados en \u00e1reas como aplicaciones, tecnolog\u00eda de consumo, entretenimiento digital y herramientas pr\u00e1cticas en l\u00ednea. Cada miembro aporta una trayectoria y perspectiva \u00fanicas, lo que enriquece la diversidad y profundidad de nuestro contenido. Constantemente estamos aprendiendo, explorando y perfeccionando nuestro enfoque para garantizar que ofrecemos las actualizaciones m\u00e1s precisas, relevantes y atractivas del mundo de la tecnolog\u00eda y la innovaci\u00f3n digital.<\/p>\n\n\n\n<h2 class=\"wp-block-heading\"><strong>\u00danase a nosotros<\/strong><\/h2>\n\n\n\n<p>Nos entusiasma que formes parte de la comunidad Risevian. S\u00edguenos en redes sociales, suscr\u00edbete a nuestro bolet\u00edn informativo y \u00fanete a la conversaci\u00f3n mientras profundizamos en las tendencias que definen el futuro. En Risevian, la innovaci\u00f3n es m\u00e1s que un tema: es una pasi\u00f3n que compartimos con orgullo con cada lector.<\/p>\n\n\n\n<p>Gracias por visitarnos. Juntos, exploremos nuevas ideas, descubramos nuevas posibilidades e insp\u00edrenos con cada paso.<\/p>\n\n\n\n<p><strong>El equipo de Risevian<\/strong><\/p>","protected":false},"excerpt":{"rendered":"<p>Welcome to Risevian, your trusted destination for the latest insights, breakthroughs, and trends shaping today\u2019s digital world. Our mission is simple: to be your leading source of reliable information in apps, technology, entertainment, and everyday digital utilities. We believe in the power of well-crafted content to inform, inspire, and connect people. Here at Risevian, we [&hellip;]<\/p>","protected":false},"author":250,"featured_media":0,"parent":0,"menu_order":0,"comment_status":"closed","ping_status":"closed","template":"","meta":{"footnotes":""},"_links":{"self":[{"href":"https:\/\/risevian.com\/es\/wp-json\/wp\/v2\/pages\/5"}],"collection":[{"href":"https:\/\/risevian.com\/es\/wp-json\/wp\/v2\/pages"}],"about":[{"href":"https:\/\/risevian.com\/es\/wp-json\/wp\/v2\/types\/page"}],"author":[{"embeddable":true,"href":"https:\/\/risevian.com\/es\/wp-json\/wp\/v2\/users\/250"}],"replies":[{"embeddable":true,"href":"https:\/\/risevian.com\/es\/wp-json\/wp\/v2\/comments?post=5"}],"version-history":[{"count":1,"href":"https:\/\/risevian.com\/es\/wp-json\/wp\/v2\/pages\/5\/revisions"}],"predecessor-version":[{"id":7,"href":"https:\/\/risevian.com\/es\/wp-json\/wp\/v2\/pages\/5\/revisions\/7"}],"wp:attachment":[{"href":"https:\/\/risevian.com\/es\/wp-json\/wp\/v2\/media?parent=5"}],"curies":[{"name":"wp","href":"https:\/\/api.w.org\/{rel}","templated":true}]}}