    {"id":21,"date":"2025-11-29T14:49:41","date_gmt":"2025-11-29T14:49:41","guid":{"rendered":"https:\/\/risevian.com\/?page_id=21"},"modified":"2026-02-09T18:51:27","modified_gmt":"2026-02-09T18:51:27","slug":"terms-of-service","status":"publish","type":"page","link":"https:\/\/risevian.com\/es\/terms-of-service\/","title":{"rendered":"Condiciones de servicio"},"content":{"rendered":"<p><\/p>\n\n\n\n<p>Accediendo al sitio web en <strong>Risevian<\/strong>Al aceptar estas Condiciones de Servicio y todas las leyes y regulaciones aplicables, usted acepta su responsabilidad por el cumplimiento de las leyes pertinentes de EE. UU. Si no acepta alguna de estas condiciones, se le proh\u00edbe usar o acceder a este sitio. Los materiales de este sitio web est\u00e1n protegidos por las leyes de derechos de autor y marcas registradas aplicables.<\/p>\n\n\n\n<hr class=\"wp-block-separator has-alpha-channel-opacity\" \/>\n\n\n\n<h2 class=\"wp-block-heading\"><strong>2. Licencia de uso<\/strong><\/h2>\n\n\n\n<p>Se concede permiso para descargar temporalmente una copia de los materiales (informaci\u00f3n o software) del sitio web de Risevian, \u00fanicamente para su visualizaci\u00f3n personal, no comercial y transitoria. Esto constituye una licencia, no una transferencia de titularidad, y bajo esta licencia usted no podr\u00e1:<\/p>\n\n\n\n<ul>\n<li>Modificar o copiar los materiales;<\/li>\n\n\n\n<li>Utilizar los materiales para cualquier prop\u00f3sito comercial o para cualquier exhibici\u00f3n p\u00fablica (comercial o no comercial);<\/li>\n\n\n\n<li>Intentar descompilar o realizar ingenier\u00eda inversa a cualquier software contenido en el sitio web de Risevian;<\/li>\n\n\n\n<li>Eliminar cualquier copyright u otras anotaciones de propiedad de los materiales;<\/li>\n\n\n\n<li>Transferir los materiales a otra persona o \u201cduplicar\u201d los materiales en cualquier otro servidor.<\/li>\n<\/ul>\n\n\n\n<p>Esta licencia se rescindir\u00e1 autom\u00e1ticamente si usted infringe cualquiera de estas restricciones y Risevian podr\u00e1 rescindirla en cualquier momento. Al rescindirse esta licencia o al finalizar la visualizaci\u00f3n de los materiales, deber\u00e1 destruir cualquier material descargado que tenga en su poder, ya sea en formato electr\u00f3nico o impreso.<\/p>\n\n\n\n<hr class=\"wp-block-separator has-alpha-channel-opacity\" \/>\n\n\n\n<h2 class=\"wp-block-heading\"><strong>3. Descargo de responsabilidad<\/strong><\/h2>\n\n\n\n<p>Los materiales del sitio web de Risevian se proporcionan &quot;tal cual&quot;. Risevian no ofrece garant\u00edas, expresas ni impl\u00edcitas, y por la presente renuncia y niega cualquier otra garant\u00eda, incluyendo, entre otras, las garant\u00edas o condiciones impl\u00edcitas de comerciabilidad, idoneidad para un fin espec\u00edfico y no infracci\u00f3n de la propiedad intelectual u otras violaciones de derechos.<\/p>\n\n\n\n<p>Adem\u00e1s, Risevian no garantiza ni hace ninguna declaraci\u00f3n sobre la precisi\u00f3n, los resultados probables o la confiabilidad del uso de los materiales en su sitio web o relacionados de otro modo con dichos materiales o cualquier sitio vinculado a este sitio.<\/p>\n\n\n\n<hr class=\"wp-block-separator has-alpha-channel-opacity\" \/>\n\n\n\n<h2 class=\"wp-block-heading\"><strong>4. Limitaciones<\/strong><\/h2>\n\n\n\n<p>En ning\u00fan caso Risevian ni sus proveedores ser\u00e1n responsables de ning\u00fan da\u00f1o (incluyendo, sin limitaci\u00f3n, da\u00f1os por p\u00e9rdida de datos o beneficios, o debido a la interrupci\u00f3n del negocio) que surja del uso o la imposibilidad de usar los materiales del sitio web de Risevian, incluso si Risevian o un representante autorizado ha sido notificado oralmente o por escrito de la posibilidad de dicho da\u00f1o. Algunas jurisdicciones no permiten limitaciones a las garant\u00edas impl\u00edcitas ni a la responsabilidad por da\u00f1os consecuentes o incidentales, por lo que estas limitaciones podr\u00edan no ser aplicables en su caso.<\/p>\n\n\n\n<hr class=\"wp-block-separator has-alpha-channel-opacity\" \/>\n\n\n\n<h2 class=\"wp-block-heading\"><strong>5. Precisi\u00f3n de los materiales<\/strong><\/h2>\n\n\n\n<p>Los materiales que aparecen en el sitio web de Risevian pueden contener errores t\u00e9cnicos, tipogr\u00e1ficos o fotogr\u00e1ficos. Risevian no garantiza la exactitud, integridad ni actualidad de los materiales de su sitio web. Risevian puede modificar los materiales de su sitio web en cualquier momento sin previo aviso. Sin embargo, Risevian no se compromete a actualizar dichos materiales.<\/p>\n\n\n\n<hr class=\"wp-block-separator has-alpha-channel-opacity\" \/>\n\n\n\n<h2 class=\"wp-block-heading\"><strong>6. Enlaces<\/strong><\/h2>\n\n\n\n<p>Risevian no ha revisado todos los sitios externos enlazados a su plataforma y no se responsabiliza del contenido de ninguno de ellos. La inclusi\u00f3n de un enlace no implica la aprobaci\u00f3n de Risevian. El uso de cualquier sitio web enlazado es bajo el propio riesgo del usuario.<\/p>\n\n\n\n<hr class=\"wp-block-separator has-alpha-channel-opacity\" \/>\n\n\n\n<h2 class=\"wp-block-heading\"><strong>7. Modificaciones<\/strong><\/h2>\n\n\n\n<p>Risevian podr\u00e1 revisar estos T\u00e9rminos de Servicio en cualquier momento sin previo aviso. Al utilizar este sitio web, usted acepta la versi\u00f3n vigente de estos t\u00e9rminos.<\/p>\n\n\n\n<hr class=\"wp-block-separator has-alpha-channel-opacity\" \/>\n\n\n\n<h2 class=\"wp-block-heading\"><strong>8. Ley aplicable<\/strong><\/h2>\n\n\n\n<p>Estos T\u00e9rminos y Condiciones se rigen e interpretan de conformidad con las leyes aplicables de los EE. UU., y usted se somete irrevocablemente a la jurisdicci\u00f3n exclusiva de los tribunales de ese estado o ubicaci\u00f3n.<\/p>","protected":false},"excerpt":{"rendered":"<p>Al acceder al sitio web de Risevian, usted acepta regirse por estos T\u00e9rminos de Servicio y todas las leyes y regulaciones aplicables, y se compromete a cumplir con las leyes pertinentes de EE. UU. Si no est\u00e1 de acuerdo con alguno de estos t\u00e9rminos, se le proh\u00edbe usar o acceder a [\u2026]<\/p>","protected":false},"author":250,"featured_media":0,"parent":0,"menu_order":0,"comment_status":"closed","ping_status":"closed","template":"","meta":{"footnotes":""},"_links":{"self":[{"href":"https:\/\/risevian.com\/es\/wp-json\/wp\/v2\/pages\/21"}],"collection":[{"href":"https:\/\/risevian.com\/es\/wp-json\/wp\/v2\/pages"}],"about":[{"href":"https:\/\/risevian.com\/es\/wp-json\/wp\/v2\/types\/page"}],"author":[{"embeddable":true,"href":"https:\/\/risevian.com\/es\/wp-json\/wp\/v2\/users\/250"}],"replies":[{"embeddable":true,"href":"https:\/\/risevian.com\/es\/wp-json\/wp\/v2\/comments?post=21"}],"version-history":[{"count":3,"href":"https:\/\/risevian.com\/es\/wp-json\/wp\/v2\/pages\/21\/revisions"}],"predecessor-version":[{"id":1026,"href":"https:\/\/risevian.com\/es\/wp-json\/wp\/v2\/pages\/21\/revisions\/1026"}],"wp:attachment":[{"href":"https:\/\/risevian.com\/es\/wp-json\/wp\/v2\/media?parent=21"}],"curies":[{"name":"wp","href":"https:\/\/api.w.org\/{rel}","templated":true}]}}