    {"id":8,"date":"2025-11-29T14:31:14","date_gmt":"2025-11-29T14:31:14","guid":{"rendered":"https:\/\/risevian.com\/?page_id=8"},"modified":"2025-12-25T20:46:14","modified_gmt":"2025-12-25T20:46:14","slug":"privacy-policy","status":"publish","type":"page","link":"https:\/\/risevian.com\/de\/privacy-policy\/","title":{"rendered":"Datenschutzrichtlinie"},"content":{"rendered":"<p><\/p>\n\n\n\n<p><\/p>\n\n\n\n<p>Ihre Privatsph\u00e4re ist uns wichtig. <strong>Risevian&#039;s<\/strong> Wir respektieren Ihre Privatsph\u00e4re hinsichtlich aller Informationen, die wir \u00fcber unsere Website von Ihnen erfassen. <strong>Risevian<\/strong>und andere Websites, die wir besitzen und betreiben.<\/p>\n\n\n\n<p>Wir fragen nur dann nach pers\u00f6nlichen Daten, wenn wir diese unbedingt ben\u00f6tigen, um Ihnen eine Dienstleistung anbieten zu k\u00f6nnen. Wir erheben diese Daten auf faire und rechtm\u00e4\u00dfige Weise, mit Ihrem Wissen und Ihrer Einwilligung. Wir stellen au\u00dferdem sicher, dass Sie verstehen, warum wir Ihre Daten erheben und wie sie verwendet werden.<\/p>\n\n\n\n<p>Wir speichern die erhobenen Daten nur so lange, wie es f\u00fcr die Erbringung der von Ihnen angeforderten Dienstleistung erforderlich ist. Alle von uns gespeicherten Daten werden durch branchen\u00fcbliche Methoden gesch\u00fctzt, um Verlust, Diebstahl, unbefugten Zugriff, Offenlegung, Kopieren, Verwendung oder Ver\u00e4nderung zu verhindern.<\/p>\n\n\n\n<p>Wir geben personenbezogene Daten weder \u00f6ffentlich noch an Dritte weiter, es sei denn, dies ist gesetzlich vorgeschrieben.<\/p>\n\n\n\n<p>Unsere Website kann Links zu externen Websites enthalten, die nicht von uns betrieben werden. Bitte beachten Sie, dass wir keinen Einfluss auf die Inhalte, Richtlinien oder Praktiken dieser externen Websites haben und keine Verantwortung oder Haftung f\u00fcr deren Datenschutzbestimmungen \u00fcbernehmen k\u00f6nnen.<\/p>\n\n\n\n<p>Es steht Ihnen frei, unsere Anfrage nach pers\u00f6nlichen Informationen abzulehnen. Bitte beachten Sie jedoch, dass wir Ihnen in diesem Fall m\u00f6glicherweise einige der gew\u00fcnschten Dienstleistungen nicht anbieten k\u00f6nnen.<\/p>\n\n\n\n<p>Durch die weitere Nutzung unserer Website erkl\u00e4ren Sie sich mit unseren Datenschutzbestimmungen einverstanden. Sollten Sie Fragen zum Umgang mit Ihren Daten haben, k\u00f6nnen Sie uns jederzeit kontaktieren.<\/p>\n\n\n\n<hr class=\"wp-block-separator has-alpha-channel-opacity\" \/>\n\n\n\n<h1 class=\"wp-block-heading\"><strong>Cookie-Richtlinie f\u00fcr Risevian<\/strong><\/h1>\n\n\n\n<p>Dies ist die Cookie-Richtlinie f\u00fcr <strong>Risevian<\/strong>, erreichbar \u00fcber unsere offizielle Website-URL.<\/p>\n\n\n\n<h2 class=\"wp-block-heading\"><strong>Was sind Cookies?<\/strong><\/h2>\n\n\n\n<p>Wie fast alle professionellen Websites verwendet auch diese Website Cookies \u2013 kleine Textdateien, die auf Ihr Ger\u00e4t heruntergeladen werden \u2013, um Ihr Surferlebnis zu verbessern. Auf dieser Seite erfahren Sie, welche Informationen diese Cookies sammeln, wie wir sie verwenden und warum wir sie manchmal speichern m\u00fcssen. Wir erkl\u00e4ren Ihnen auch, wie Sie das Speichern von Cookies verhindern k\u00f6nnen. Beachten Sie jedoch, dass die Deaktivierung von Cookies bestimmte Funktionen der Website beeintr\u00e4chtigen kann.<\/p>\n\n\n\n<hr class=\"wp-block-separator has-alpha-channel-opacity\" \/>\n\n\n\n<h1 class=\"wp-block-heading\"><strong>Wie wir Cookies verwenden<\/strong><\/h1>\n\n\n\n<p>Wir verwenden Cookies aus verschiedenen Gr\u00fcnden, die im Folgenden erl\u00e4utert werden. Leider gibt es in den meisten F\u00e4llen keine branchen\u00fcblichen Optionen, Cookies zu deaktivieren, ohne die damit verbundenen Funktionen der Website vollst\u00e4ndig zu deaktivieren. Wir empfehlen Ihnen daher, alle Cookies aktiviert zu lassen, es sei denn, Sie sind sich sicher, dass Sie diese nicht ben\u00f6tigen.<\/p>\n\n\n\n<hr class=\"wp-block-separator has-alpha-channel-opacity\" \/>\n\n\n\n<h1 class=\"wp-block-heading\"><strong>Cookies deaktivieren<\/strong><\/h1>\n\n\n\n<p>Sie k\u00f6nnen das Setzen von Cookies verhindern, indem Sie Ihre Browsereinstellungen anpassen (Anweisungen dazu finden Sie in der Hilfe Ihres Browsers). Beachten Sie jedoch, dass die Deaktivierung von Cookies die Funktionalit\u00e4t dieser und anderer von Ihnen besuchter Websites beeintr\u00e4chtigen kann. In der Regel f\u00fchrt die Deaktivierung von Cookies zum Verlust bestimmter Funktionen oder zu Funktionsst\u00f6rungen. Daher wird empfohlen, Cookies nicht zu deaktivieren.<\/p>\n\n\n\n<hr class=\"wp-block-separator has-alpha-channel-opacity\" \/>\n\n\n\n<h1 class=\"wp-block-heading\"><strong>Die von uns gesetzten Cookies<\/strong><\/h1>\n\n\n\n<h3 class=\"wp-block-heading\"><strong>Kontobezogene Cookies<\/strong><\/h3>\n\n\n\n<p>Wenn Sie ein Konto bei uns erstellen, verwenden wir Cookies, um den Anmeldeprozess und die allgemeine Verwaltung zu steuern. Diese Cookies werden normalerweise beim Abmelden gel\u00f6scht; in einigen F\u00e4llen bleiben sie jedoch erhalten, um Ihre Einstellungen auch nach dem Abmelden zu speichern.<\/p>\n\n\n\n<h3 class=\"wp-block-heading\"><strong>Anmeldebezogene Cookies<\/strong><\/h3>\n\n\n\n<p>Wir verwenden Cookies, um Ihren Anmeldestatus zu speichern. Dadurch m\u00fcssen Sie sich nicht bei jedem Seitenaufruf erneut anmelden. Diese Cookies werden beim Abmelden gel\u00f6scht, um sicherzustellen, dass eingeschr\u00e4nkte Funktionen nur im angemeldeten Zustand zug\u00e4nglich sind.<\/p>\n\n\n\n<h3 class=\"wp-block-heading\"><strong>E-Mail-Newsletter-Cookies<\/strong><\/h3>\n\n\n\n<p>Diese Website bietet Newsletter- bzw. E-Mail-Abonnements an. Cookies k\u00f6nnen verwendet werden, um zu speichern, ob Sie bereits registriert sind, und um bestimmte Benachrichtigungen anzuzeigen, die nur f\u00fcr abonnierte oder nicht abonnierte Nutzer relevant sind.<\/p>\n\n\n\n<h3 class=\"wp-block-heading\"><strong>Cookies zur Auftragsverarbeitung<\/strong><\/h3>\n\n\n\n<p>Wenn diese Website E-Commerce- oder Zahlungsfunktionen anbietet, sind Cookies unerl\u00e4sslich, um sicherzustellen, dass Ihre Bestellung seiten\u00fcbergreifend gespeichert wird und wir sie korrekt bearbeiten k\u00f6nnen.<\/p>\n\n\n\n<h3 class=\"wp-block-heading\"><strong>Umfrage-Cookies<\/strong><\/h3>\n\n\n\n<p>Wir bieten gelegentlich Nutzerumfragen oder Frageb\u00f6gen an, um Erkenntnisse zu gewinnen, Tools bereitzustellen oder hilfreiches Feedback zu sammeln. Cookies k\u00f6nnen verwendet werden, um sich zu merken, wer bereits teilgenommen hat oder um Ihre Antworten w\u00e4hrend des Surfens zu speichern.<\/p>\n\n\n\n<h3 class=\"wp-block-heading\"><strong>Formularbezogene Cookies<\/strong><\/h3>\n\n\n\n<p>Wenn Sie Informationen \u00fcber Formulare \u2013 wie Kontaktseiten oder Kommentarformulare \u2013 \u00fcbermitteln, k\u00f6nnen Cookies gesetzt werden, um Ihre Benutzerdaten f\u00fcr die zuk\u00fcnftige Korrespondenz zu speichern.<\/p>\n\n\n\n<h3 class=\"wp-block-heading\"><strong>Website-Pr\u00e4ferenz-Cookies<\/strong><\/h3>\n\n\n\n<p>Um Ihnen ein personalisiertes Erlebnis zu bieten, k\u00f6nnen Sie Ihre Pr\u00e4ferenzen f\u00fcr die Funktionsweise der Website festlegen. Cookies helfen dabei, diese Einstellungen zu speichern, sodass sie immer dann angewendet werden, wenn Sie mit Inhalten interagieren, die Ihren Pr\u00e4ferenzen entsprechen.<\/p>\n\n\n\n<h2 class=\"wp-block-heading\"><strong>Cookies von Drittanbietern<\/strong><\/h2>\n\n\n\n<p>In einigen Sonderf\u00e4llen verwenden wir auch Cookies von vertrauensw\u00fcrdigen Drittanbietern. Im Folgenden wird erl\u00e4utert, welche Cookies von Drittanbietern beim Besuch unserer Website verwendet werden.<\/p>\n\n\n\n<h3 class=\"wp-block-heading\"><strong>Google Analytics<\/strong><\/h3>\n\n\n\n<p>Diese Website verwendet <strong>Google Analytics<\/strong>Wir verwenden Cookies, eines der vertrauensw\u00fcrdigsten Analysetools im Internet. Diese Cookies helfen uns zu verstehen, wie Besucher die Website nutzen und wie wir Ihr Nutzererlebnis verbessern k\u00f6nnen. Cookies k\u00f6nnen beispielsweise die Verweildauer auf der Website, besuchte Seiten, Navigationsmuster und vieles mehr erfassen.<\/p>\n\n\n\n<p>F\u00fcr weitere Details konsultieren Sie bitte die offizielle Analytics-Dokumentation von Google.<\/p>\n\n\n\n<h3 class=\"wp-block-heading\"><strong>Drittanbieter-Analysen<\/strong><\/h3>\n\n\n\n<p>Wir k\u00f6nnen zus\u00e4tzliche Analysetools von Drittanbietern verwenden, um die Nutzung dieser Website zu verfolgen und zu messen. Dies erm\u00f6glicht es uns, weiterhin qualitativ hochwertige Inhalte zu erstellen und die Benutzererfahrung zu verbessern.<\/p>\n\n\n\n<h3 class=\"wp-block-heading\"><strong>Funktionstests Cookies<\/strong><\/h3>\n\n\n\n<p>Gelegentlich testen wir neue Funktionen und nehmen kleinere \u00c4nderungen an der Darstellung der Website vor. W\u00e4hrend der Tests k\u00f6nnen Cookies verwendet werden, um ein einheitliches Nutzererlebnis zu gew\u00e4hrleisten und uns gleichzeitig zu helfen, zu verstehen, welche Optimierungen die Nutzer am meisten sch\u00e4tzen.<\/p>\n\n\n\n<h3 class=\"wp-block-heading\"><strong>E-Commerce-Tracking-Cookies<\/strong><\/h3>\n\n\n\n<p>Wenn wir Produkte oder Dienstleistungen verkaufen, helfen uns Cookies, Kaufmuster zu verstehen. Diese Daten erm\u00f6glichen es uns, Leistung, Werbung und Produktentwicklung zu analysieren.<\/p>\n\n\n\n<h3 class=\"wp-block-heading\"><strong>Cookies f\u00fcr soziale Medien<\/strong><\/h3>\n\n\n\n<p>Wir k\u00f6nnen Social-Media-Buttons oder -Plugins (z. B. von Facebook, Instagram, Twitter, Pinterest usw.) einbinden, die es Ihnen erm\u00f6glichen, sich mit Ihren sozialen Netzwerken zu verbinden. Diese Plattformen k\u00f6nnen \u00fcber unsere Website Cookies setzen, um Ihr Profil zu verbessern oder Daten f\u00fcr ihre eigenen Analysen bereitzustellen, gem\u00e4\u00df ihren jeweiligen Datenschutzrichtlinien.<\/p>\n\n\n\n<hr class=\"wp-block-separator has-alpha-channel-opacity\" \/>\n\n\n\n<h3 class=\"wp-block-heading\"><strong>Werbung und Abmeldung<\/strong><\/h3>\n\n\n\n<p>Wir nutzen Google AdX und andere Werbepartner, um Nutzern Anzeigen anzuzeigen.<\/p>\n\n\n\n<p>Google und seine Partner verwenden m\u00f6glicherweise Cookies und \u00e4hnliche Technologien, um Anzeigen auf der Grundlage der Interessen und des Surfverhaltens der Nutzer zu personalisieren.<\/p>\n\n\n\n<p>Nutzer k\u00f6nnen personalisierte Werbung verwalten oder deaktivieren, indem sie die folgenden offiziellen Google-Seiten besuchen: <a href=\"https:\/\/myadcenter.google.com\/home?sasb=true&amp;ref=ad-settings\" target=\"_blank\" rel=\"noreferrer noopener\">Google-Anzeigeneinstellungen<\/a> Und <a href=\"https:\/\/myadcenter.google.com\/home\" target=\"_blank\" rel=\"noreferrer noopener\">Google My Ad Center<\/a><\/p>\n\n\n\n<p>Sie k\u00f6nnen personalisierte Werbung jederzeit mithilfe dieser Tools deaktivieren.<\/p>\n\n\n\n<h1 class=\"wp-block-heading\"><strong>Weitere Informationen<\/strong><\/h1>\n\n\n\n<p>Wir hoffen, diese Richtlinie hat alles f\u00fcr Sie gekl\u00e4rt. Wie bereits erw\u00e4hnt, ist es im Allgemeinen sicherer, bestimmte Cookies aktiviert zu lassen, wenn Sie sich nicht sicher sind, ob Sie diese ben\u00f6tigen, um die grundlegenden Funktionen der Website nicht zu beeintr\u00e4chtigen.<\/p>\n\n\n\n<p>Diese Richtlinie tritt am [Datum einf\u00fcgen] in Kraft. <strong>November 2025<\/strong>.<\/p>","protected":false},"excerpt":{"rendered":"<p>Ihre Privatsph\u00e4re ist uns wichtig. Risevian verpflichtet sich, Ihre Privatsph\u00e4re hinsichtlich aller Informationen, die wir \u00fcber unsere Website, Risevian und andere von uns betriebene Websites erfassen, zu respektieren. Wir fragen nur dann nach pers\u00f6nlichen Daten, wenn diese unbedingt erforderlich sind, um Ihnen eine Dienstleistung anbieten zu k\u00f6nnen. Die Erfassung erfolgt auf faire Weise [\u2026]<\/p>","protected":false},"author":250,"featured_media":0,"parent":0,"menu_order":0,"comment_status":"closed","ping_status":"closed","template":"","meta":{"footnotes":""},"_links":{"self":[{"href":"https:\/\/risevian.com\/de\/wp-json\/wp\/v2\/pages\/8"}],"collection":[{"href":"https:\/\/risevian.com\/de\/wp-json\/wp\/v2\/pages"}],"about":[{"href":"https:\/\/risevian.com\/de\/wp-json\/wp\/v2\/types\/page"}],"author":[{"embeddable":true,"href":"https:\/\/risevian.com\/de\/wp-json\/wp\/v2\/users\/250"}],"replies":[{"embeddable":true,"href":"https:\/\/risevian.com\/de\/wp-json\/wp\/v2\/comments?post=8"}],"version-history":[{"count":5,"href":"https:\/\/risevian.com\/de\/wp-json\/wp\/v2\/pages\/8\/revisions"}],"predecessor-version":[{"id":542,"href":"https:\/\/risevian.com\/de\/wp-json\/wp\/v2\/pages\/8\/revisions\/542"}],"wp:attachment":[{"href":"https:\/\/risevian.com\/de\/wp-json\/wp\/v2\/media?parent=8"}],"curies":[{"name":"wp","href":"https:\/\/api.w.org\/{rel}","templated":true}]}}