    {"id":5,"date":"2025-11-29T14:30:20","date_gmt":"2025-11-29T14:30:20","guid":{"rendered":"https:\/\/risevian.com\/?page_id=5"},"modified":"2025-11-29T14:30:20","modified_gmt":"2025-11-29T14:30:20","slug":"about-us","status":"publish","type":"page","link":"https:\/\/risevian.com\/de\/about-us\/","title":{"rendered":"\u00dcber uns"},"content":{"rendered":"<p><\/p>\n\n\n\n<p>Willkommen bei <strong>Risevian<\/strong>Risevian ist Ihre zuverl\u00e4ssige Anlaufstelle f\u00fcr die neuesten Erkenntnisse, bahnbrechenden Entwicklungen und Trends der digitalen Welt. Unsere Mission ist einfach: Wir m\u00f6chten Ihre f\u00fchrende Quelle f\u00fcr verl\u00e4ssliche Informationen zu Apps, Technologie, Unterhaltung und digitalen Alltagsanwendungen sein. Wir glauben an die Kraft hochwertiger Inhalte, die informieren, inspirieren und Menschen vernetzen. Hier bei Risevian m\u00f6chten wir, dass Sie sich st\u00e4rker mit der schnelllebigen Welt um Sie herum verbunden f\u00fchlen \u2013 indem Sie nicht nur Fakten verstehen, sondern auch die Ideen und Innovationen, die das moderne Leben ver\u00e4ndern.<\/p>\n\n\n\n<h2 class=\"wp-block-heading\"><strong>Unsere Geschichte<\/strong><\/h2>\n\n\n\n<p>Risevian entstand aus der Leidenschaft einer engagierten Gruppe technikbegeisterter Kreativer, die davon \u00fcberzeugt sind, dass hochwertige Informationen das Potenzial haben, das Lernen, Entscheiden und Weiterentwickeln von Menschen grundlegend zu ver\u00e4ndern. Von Anfang an war es unser Ziel, einen Raum zu schaffen, in dem Leser vertrauensw\u00fcrdige, fundierte und ansprechende Inhalte entdecken k\u00f6nnen. Seit unserer Gr\u00fcndung konzentrieren wir uns kontinuierlich darauf, relevante Artikel zu liefern, die unser Publikum \u00fcber die neuesten Entwicklungen in Technologie und digitaler Kultur informieren und inspirieren.<\/p>\n\n\n\n<h2 class=\"wp-block-heading\"><strong>Unser Team<\/strong><\/h2>\n\n\n\n<p>Unser Team besteht aus kompetenten und engagierten Autoren, Analysten und Kreativen, die sich auf Bereiche wie Apps, Unterhaltungselektronik, digitale Unterhaltung und praktische Online-Tools spezialisiert haben. Jedes Mitglied bringt einzigartige Erfahrungen und Perspektiven ein und bereichert so die Vielfalt und Tiefe unserer Inhalte. Wir lernen, forschen und optimieren unseren Ansatz kontinuierlich, um Ihnen stets die aktuellsten, relevantesten und spannendsten Neuigkeiten aus der Welt der Technologie und digitalen Innovation zu bieten.<\/p>\n\n\n\n<h2 class=\"wp-block-heading\"><strong>Begleiten Sie uns<\/strong><\/h2>\n\n\n\n<p>Wir freuen uns, Sie in der Risevian-Community begr\u00fc\u00dfen zu d\u00fcrfen. Folgen Sie uns in den sozialen Medien, abonnieren Sie unseren Newsletter und diskutieren Sie mit uns die Trends, die die Zukunft pr\u00e4gen. Innovation ist bei Risevian mehr als nur ein Thema \u2013 sie ist eine Leidenschaft, die wir mit jedem Leser teilen.<\/p>\n\n\n\n<p>Vielen Dank f\u00fcr Ihren Besuch. Lassen Sie uns gemeinsam neue Ideen erkunden, neue M\u00f6glichkeiten entdecken und uns von jedem Schritt nach vorn inspirieren lassen.<\/p>\n\n\n\n<p><strong>Das Risevian-Team<\/strong><\/p>","protected":false},"excerpt":{"rendered":"<p>Willkommen bei Risevian, Ihrer zuverl\u00e4ssigen Quelle f\u00fcr die neuesten Erkenntnisse, Innovationen und Trends der digitalen Welt. Unsere Mission ist einfach: Wir m\u00f6chten Ihre f\u00fchrende Informationsquelle f\u00fcr Apps, Technologie, Unterhaltung und digitale Alltagsanwendungen sein. Wir glauben an die Kraft hochwertiger Inhalte, die informieren, inspirieren und Menschen verbinden. Hier bei Risevian [\u2026]<\/p>","protected":false},"author":250,"featured_media":0,"parent":0,"menu_order":0,"comment_status":"closed","ping_status":"closed","template":"","meta":{"footnotes":""},"_links":{"self":[{"href":"https:\/\/risevian.com\/de\/wp-json\/wp\/v2\/pages\/5"}],"collection":[{"href":"https:\/\/risevian.com\/de\/wp-json\/wp\/v2\/pages"}],"about":[{"href":"https:\/\/risevian.com\/de\/wp-json\/wp\/v2\/types\/page"}],"author":[{"embeddable":true,"href":"https:\/\/risevian.com\/de\/wp-json\/wp\/v2\/users\/250"}],"replies":[{"embeddable":true,"href":"https:\/\/risevian.com\/de\/wp-json\/wp\/v2\/comments?post=5"}],"version-history":[{"count":1,"href":"https:\/\/risevian.com\/de\/wp-json\/wp\/v2\/pages\/5\/revisions"}],"predecessor-version":[{"id":7,"href":"https:\/\/risevian.com\/de\/wp-json\/wp\/v2\/pages\/5\/revisions\/7"}],"wp:attachment":[{"href":"https:\/\/risevian.com\/de\/wp-json\/wp\/v2\/media?parent=5"}],"curies":[{"name":"wp","href":"https:\/\/api.w.org\/{rel}","templated":true}]}}