    {"id":21,"date":"2025-11-29T14:49:41","date_gmt":"2025-11-29T14:49:41","guid":{"rendered":"https:\/\/risevian.com\/?page_id=21"},"modified":"2026-02-09T18:51:27","modified_gmt":"2026-02-09T18:51:27","slug":"terms-of-service","status":"publish","type":"page","link":"https:\/\/risevian.com\/de\/terms-of-service\/","title":{"rendered":"Nutzungsbedingungen"},"content":{"rendered":"<p><\/p>\n\n\n\n<p>Durch den Zugriff auf die Website unter <strong>Risevian<\/strong>Mit der Nutzung dieser Website erkl\u00e4ren Sie sich mit diesen Nutzungsbedingungen sowie allen geltenden Gesetzen und Bestimmungen einverstanden und best\u00e4tigen, dass Sie f\u00fcr die Einhaltung aller relevanten US-amerikanischen Gesetze verantwortlich sind. Sollten Sie mit diesen Bedingungen nicht einverstanden sein, ist Ihnen die Nutzung oder der Zugriff auf diese Website untersagt. Die auf dieser Website enthaltenen Materialien sind urheberrechtlich und markenrechtlich gesch\u00fctzt.<\/p>\n\n\n\n<hr class=\"wp-block-separator has-alpha-channel-opacity\" \/>\n\n\n\n<h2 class=\"wp-block-heading\"><strong>2. Nutzungslizenz<\/strong><\/h2>\n\n\n\n<p>Es wird die Erlaubnis erteilt, vor\u00fcbergehend eine Kopie der Materialien (Informationen oder Software) auf der Website von Risevian f\u00fcr den pers\u00f6nlichen, nicht-kommerziellen Gebrauch herunterzuladen. Dies stellt eine Lizenz dar, keine \u00dcbertragung des Eigentums, und im Rahmen dieser Lizenz ist Folgendes nicht gestattet:<\/p>\n\n\n\n<ul>\n<li>Die Materialien d\u00fcrfen weder ver\u00e4ndert noch kopiert werden;<\/li>\n\n\n\n<li>Die Materialien d\u00fcrfen nicht f\u00fcr kommerzielle Zwecke oder f\u00fcr \u00f6ffentliche Vorf\u00fchrungen (kommerziell oder nichtkommerziell) verwendet werden;<\/li>\n\n\n\n<li>Der Versuch, die auf der Website von Risevian enthaltene Software zu dekompilieren oder zur\u00fcckzuentwickeln, ist untersagt.<\/li>\n\n\n\n<li>Entfernen Sie jegliche Urheberrechtsvermerke oder sonstige Eigentumshinweise aus den Materialien;<\/li>\n\n\n\n<li>\u00dcbertragen Sie die Materialien an eine andere Person oder spiegeln Sie die Materialien auf einem anderen Server.<\/li>\n<\/ul>\n\n\n\n<p>Diese Lizenz erlischt automatisch, wenn Sie gegen eine dieser Bestimmungen versto\u00dfen, und kann von Risevian jederzeit widerrufen werden. Nach Beendigung dieser Lizenz oder nach Abschluss der Nutzung der Materialien m\u00fcssen Sie s\u00e4mtliche heruntergeladenen Materialien in Ihrem Besitz, ob in elektronischer oder gedruckter Form, vernichten.<\/p>\n\n\n\n<hr class=\"wp-block-separator has-alpha-channel-opacity\" \/>\n\n\n\n<h2 class=\"wp-block-heading\"><strong>3. Haftungsausschluss<\/strong><\/h2>\n\n\n\n<p>Die Materialien auf der Website von Risevian werden ohne Gew\u00e4hr bereitgestellt. Risevian \u00fcbernimmt keine ausdr\u00fccklichen oder stillschweigenden Gew\u00e4hrleistungen und schlie\u00dft hiermit alle anderen Gew\u00e4hrleistungen aus, insbesondere die Gew\u00e4hrleistung der Handels\u00fcblichkeit, der Eignung f\u00fcr einen bestimmten Zweck und der Nichtverletzung von Rechten an geistigem Eigentum oder sonstigen Rechten.<\/p>\n\n\n\n<p>Dar\u00fcber hinaus \u00fcbernimmt Risevian keine Gew\u00e4hr f\u00fcr die Richtigkeit, die zu erwartenden Ergebnisse oder die Zuverl\u00e4ssigkeit der Nutzung der Materialien auf ihrer Website oder in Bezug auf solche Materialien oder auf mit dieser Website verlinkte Websites.<\/p>\n\n\n\n<hr class=\"wp-block-separator has-alpha-channel-opacity\" \/>\n\n\n\n<h2 class=\"wp-block-heading\"><strong>4. Einschr\u00e4nkungen<\/strong><\/h2>\n\n\n\n<p>Risevian und seine Lieferanten haften in keinem Fall f\u00fcr Sch\u00e4den (einschlie\u00dflich, aber nicht beschr\u00e4nkt auf Sch\u00e4den durch Datenverlust, entgangenen Gewinn oder Betriebsunterbrechung), die aus der Nutzung oder der Unm\u00f6glichkeit der Nutzung der Materialien auf der Website von Risevian entstehen, selbst wenn Risevian oder ein autorisierter Vertreter m\u00fcndlich oder schriftlich auf die M\u00f6glichkeit solcher Sch\u00e4den hingewiesen wurde. In einigen Rechtsordnungen sind Beschr\u00e4nkungen stillschweigender Gew\u00e4hrleistungen oder der Haftung f\u00fcr Folgesch\u00e4den oder Nebensch\u00e4den nicht zul\u00e4ssig; daher gelten diese Beschr\u00e4nkungen m\u00f6glicherweise nicht f\u00fcr Sie.<\/p>\n\n\n\n<hr class=\"wp-block-separator has-alpha-channel-opacity\" \/>\n\n\n\n<h2 class=\"wp-block-heading\"><strong>5. Genauigkeit der Materialien<\/strong><\/h2>\n\n\n\n<p>Die auf der Website von Risevian ver\u00f6ffentlichten Inhalte k\u00f6nnen technische, typografische oder fotografische Fehler enthalten. Risevian \u00fcbernimmt keine Gew\u00e4hr f\u00fcr die Richtigkeit, Vollst\u00e4ndigkeit oder Aktualit\u00e4t der Inhalte auf seiner Website. Risevian beh\u00e4lt sich das Recht vor, die Inhalte seiner Website jederzeit und ohne Vorank\u00fcndigung zu \u00e4ndern. Risevian verpflichtet sich jedoch nicht zur Aktualisierung dieser Inhalte.<\/p>\n\n\n\n<hr class=\"wp-block-separator has-alpha-channel-opacity\" \/>\n\n\n\n<h2 class=\"wp-block-heading\"><strong>6. Links<\/strong><\/h2>\n\n\n\n<p>Risevian hat nicht alle mit seiner Plattform verlinkten externen Seiten gepr\u00fcft und ist nicht f\u00fcr deren Inhalte verantwortlich. Die Verlinkung einer Seite stellt keine Empfehlung durch Risevian dar. Die Nutzung verlinkter Webseiten erfolgt auf eigenes Risiko.<\/p>\n\n\n\n<hr class=\"wp-block-separator has-alpha-channel-opacity\" \/>\n\n\n\n<h2 class=\"wp-block-heading\"><strong>7. \u00c4nderungen<\/strong><\/h2>\n\n\n\n<p>Risevian kann diese Nutzungsbedingungen jederzeit und ohne Vorank\u00fcndigung \u00e4ndern. Durch die Nutzung dieser Website erkl\u00e4ren Sie sich mit der jeweils aktuellen Fassung dieser Nutzungsbedingungen einverstanden.<\/p>\n\n\n\n<hr class=\"wp-block-separator has-alpha-channel-opacity\" \/>\n\n\n\n<h2 class=\"wp-block-heading\"><strong>8. Anwendbares Recht<\/strong><\/h2>\n\n\n\n<p>Diese Allgemeinen Gesch\u00e4ftsbedingungen unterliegen den Gesetzen der USA und werden in \u00dcbereinstimmung mit diesen ausgelegt. Sie unterwerfen sich unwiderruflich der ausschlie\u00dflichen Zust\u00e4ndigkeit der Gerichte in diesem Staat oder an diesem Ort.<\/p>","protected":false},"excerpt":{"rendered":"<p>Durch den Zugriff auf die Website von Risevian erkl\u00e4ren Sie sich mit diesen Nutzungsbedingungen sowie allen geltenden Gesetzen und Bestimmungen einverstanden und best\u00e4tigen, dass Sie f\u00fcr die Einhaltung aller relevanten US-amerikanischen Gesetze verantwortlich sind. Sollten Sie mit diesen Bedingungen nicht einverstanden sein, ist Ihnen die Nutzung oder der Zugriff auf die Website untersagt.<\/p>","protected":false},"author":250,"featured_media":0,"parent":0,"menu_order":0,"comment_status":"closed","ping_status":"closed","template":"","meta":{"footnotes":""},"_links":{"self":[{"href":"https:\/\/risevian.com\/de\/wp-json\/wp\/v2\/pages\/21"}],"collection":[{"href":"https:\/\/risevian.com\/de\/wp-json\/wp\/v2\/pages"}],"about":[{"href":"https:\/\/risevian.com\/de\/wp-json\/wp\/v2\/types\/page"}],"author":[{"embeddable":true,"href":"https:\/\/risevian.com\/de\/wp-json\/wp\/v2\/users\/250"}],"replies":[{"embeddable":true,"href":"https:\/\/risevian.com\/de\/wp-json\/wp\/v2\/comments?post=21"}],"version-history":[{"count":3,"href":"https:\/\/risevian.com\/de\/wp-json\/wp\/v2\/pages\/21\/revisions"}],"predecessor-version":[{"id":1026,"href":"https:\/\/risevian.com\/de\/wp-json\/wp\/v2\/pages\/21\/revisions\/1026"}],"wp:attachment":[{"href":"https:\/\/risevian.com\/de\/wp-json\/wp\/v2\/media?parent=21"}],"curies":[{"name":"wp","href":"https:\/\/api.w.org\/{rel}","templated":true}]}}